{"id":6771,"date":"2025-01-24T21:02:40","date_gmt":"2025-01-24T21:02:40","guid":{"rendered":"https:\/\/lucrodin.com\/?page_id=6771"},"modified":"2025-01-24T21:02:42","modified_gmt":"2025-01-24T21:02:42","slug":"terms-of-use-lucrodin","status":"publish","type":"page","link":"https:\/\/lucrodin.com\/es\/terms-of-use-lucrodin\/","title":{"rendered":"Condiciones de uso \u2013 Lucrodin"},"content":{"rendered":"<div class=\"mx-5 sm:mx-0 prose leading-relaxed text-lg mb-5 text-left wp-paragraph\">\n<p>Actualizado el 21 de octubre de 2024<\/p>\n<\/div><div class=\"mx-5 sm:mx-0 prose leading-relaxed text-lg mb-5 text-left wp-paragraph\">\n<p>Lucrodin gestiona su propio sitio web, accesible en <a style=\" color:;\" href=\"https:\/\/lucrodin.com\/es\/\">https:\/\/lucrodin.com\/<\/a>Los t\u00e9rminos \u201cnosotros\u201d o \u201cnuestro\u201d hacen referencia al equipo directivo de Lucrodin. El sitio web ofrece una amplia gama de informaci\u00f3n, servicios y contenidos, y el acceso al mismo constituye la aceptaci\u00f3n plena de nuestros t\u00e9rminos, condiciones y pol\u00edticas.<\/p>\n<\/div><div class=\"mx-5 sm:mx-0 prose leading-relaxed text-lg mb-5 text-left wp-paragraph\">\n<p>Nuestro sitio web se destaca como una plataforma digital confiable, que ofrece contenido educativo y an\u00e1lisis en profundidad de diversos productos y servicios, incluidas rese\u00f1as de tarjetas de cr\u00e9dito, opciones de pr\u00e9stamos, orientaci\u00f3n financiera de fuentes regionales e internacionales y publicaciones informativas sobre oportunidades laborales.<\/p>\n<\/div><div class=\"mx-5 sm:mx-0 prose leading-relaxed text-lg mb-5 text-left wp-paragraph\">\n<p>Al interactuar con este sitio web, usted acepta nuestros T\u00e9rminos de uso y Pol\u00edtica de privacidad, que se pueden revisar en <a style=\" color:;\" href=\"https:\/\/lucrodin.com\/es\/privacy\/\">https:\/\/lucrodin.com\/privacy\/<\/a>, de conformidad con las leyes aplicables.<\/p>\n<\/div><div class=\"mx-5 sm:mx-0 prose leading-relaxed text-lg mb-5 text-left wp-paragraph\">\n<p>El objeto de estas Condiciones Generales de Uso es detallar las responsabilidades, obligaciones y derechos de todos los usuarios que naveguen o utilicen el sitio web de Lucrodin, tal y como se detalla en las siguientes secciones.<\/p>\n<\/div><div class=\"mx-5 sm:mx-0 prose leading-relaxed text-lg mb-5 text-left wp-paragraph\">\n<p><strong>Es fundamental que lea atentamente los T\u00e9rminos de Uso antes de continuar. Si no est\u00e1 de acuerdo con los t\u00e9rminos estipulados, le solicitamos que se abstenga de utilizar los servicios de Lucrodin.<\/strong><\/p>\n<\/div><!--advertisement--><div class=\"mx-5 sm:mx-0 sm:text-3xl text-2xl font-medium title-font mb-4 text-gray-900 text-left\">\n<h2 class=\"wp-block-heading\">Secci\u00f3n I \u2013 Acceso y uso de Lucrodin<\/h2>\n<\/div><div class=\"mx-5 sm:mx-0 prose leading-relaxed text-lg mb-5 text-left wp-paragraph\">\n<p><strong>1.1 <\/strong>Al navegar e interactuar con el sitio web de Lucrodin, usted, como usuario, acepta adherirse a los T\u00e9rminos y Condiciones Generales de Uso y la Pol\u00edtica de Privacidad establecidos por el sitio.<\/p>\n<\/div><div class=\"mx-5 sm:mx-0 prose leading-relaxed text-lg mb-5 text-left wp-paragraph\">\n<p><strong>1.2 <\/strong>Al utilizar Lucrodin, usted confirma que tiene al menos 18 a\u00f1os y posee la capacidad legal para aceptar y cumplir con estos T\u00e9rminos y Condiciones de Uso.<\/p>\n<\/div><div class=\"mx-5 sm:mx-0 prose leading-relaxed text-lg mb-5 text-left wp-paragraph\">\n<p><strong>1.3 <\/strong>Si no cumple con los criterios de edad o capacidad legal requeridos, o si no est\u00e1 de acuerdo con estos T\u00e9rminos y Condiciones de Uso, deber\u00e1 abstenerse de acceder y utilizar Lucrodin o cualquier otro sitio web o servicio vinculado.<\/p>\n<\/div><!--advertisement--><div class=\"mx-5 sm:mx-0 sm:text-3xl text-2xl font-medium title-font mb-4 text-gray-900 text-left\">\n<h2 class=\"wp-block-heading\">Secci\u00f3n II \u2013 Contacto con Lucrodin<\/h2>\n<\/div><div class=\"mx-5 sm:mx-0 prose leading-relaxed text-lg mb-5 text-left wp-paragraph\">\n<p><strong>2.1 <\/strong>Lucrodin ofrece un servicio de soporte al usuario para consultas, resoluci\u00f3n de problemas, presentaci\u00f3n de quejas o para ofrecer informaci\u00f3n adicional sobre los productos y servicios presentados en el sitio.<\/p>\n<\/div><div class=\"mx-5 sm:mx-0 prose leading-relaxed text-lg mb-5 text-left wp-paragraph\">\n<p><strong>2.2 <\/strong>Para contactar con nosotros, los usuarios deber\u00e1n completar el formulario de contacto disponible en: <a style=\" color:;\" href=\"https:\/\/lucrodin.com\/es\/contact\/\">https:\/\/lucrodin.com\/contact\/<\/a>.&nbsp;<\/p>\n<\/div><!--advertisement--><div class=\"mx-5 sm:mx-0 sm:text-3xl text-2xl font-medium title-font mb-4 text-gray-900 text-left\">\n<h2 class=\"wp-block-heading\">Secci\u00f3n III \u2013 Derechos y responsabilidades del usuario<\/h2>\n<\/div><div class=\"mx-5 sm:mx-0 prose leading-relaxed text-lg mb-5 text-left wp-paragraph\">\n<p><strong>3.1 Compromiso con los T\u00e9rminos y la Pol\u00edtica de Privacidad<\/strong><\/p>\n<\/div><div class=\"mx-5 sm:mx-0 prose leading-relaxed text-lg mb-5 text-left wp-paragraph\">\n<p>Al utilizar Lucrodin, usted confirma que ha le\u00eddo, comprendido y aceptado todos los T\u00e9rminos y condiciones, as\u00ed como la Pol\u00edtica de privacidad del sitio.<\/p>\n<\/div><div class=\"mx-5 sm:mx-0 prose leading-relaxed text-lg mb-5 text-left wp-paragraph\">\n<p><strong>3.2 Referencias a sitios externos<\/strong><\/p>\n<\/div><div class=\"mx-5 sm:mx-0 prose leading-relaxed text-lg mb-5 text-left wp-paragraph\">\n<p>Lucrodin proporciona enlaces a sitios web externos que pueden ofrecer productos o servicios de socios. Estos enlaces se proporcionan sin que Lucrodin tenga control directo sobre estas interacciones.<\/p>\n<\/div><div class=\"mx-5 sm:mx-0 prose leading-relaxed text-lg mb-5 text-left wp-paragraph\">\n<p><strong>3.3 Condiciones del sitio afiliado<\/strong><\/p>\n<\/div><div class=\"mx-5 sm:mx-0 prose leading-relaxed text-lg mb-5 text-left wp-paragraph\">\n<p>Cuando acceda a sitios web afiliados a trav\u00e9s de Lucrodin, debe aceptar los T\u00e9rminos de uso y las Pol\u00edticas de privacidad de esos sitios externos.<\/p>\n<\/div><div class=\"mx-5 sm:mx-0 prose leading-relaxed text-lg mb-5 text-left wp-paragraph\">\n<p><strong>3.4 Descargo de responsabilidad sobre informaci\u00f3n de terceros<\/strong><\/p>\n<\/div><div class=\"mx-5 sm:mx-0 prose leading-relaxed text-lg mb-5 text-left wp-paragraph\">\n<p>Lucrodin no asume ninguna responsabilidad por la informaci\u00f3n, t\u00e9rminos o pol\u00edticas relacionadas con productos y servicios de terceros, ni por ninguna transacci\u00f3n realizada con dichas entidades.<\/p>\n<\/div><div class=\"mx-5 sm:mx-0 prose leading-relaxed text-lg mb-5 text-left wp-paragraph\">\n<p><strong>3.5 Protecci\u00f3n contra software da\u00f1ino<\/strong><\/p>\n<\/div><div class=\"mx-5 sm:mx-0 prose leading-relaxed text-lg mb-5 text-left wp-paragraph\">\n<p>Lucrodin no se hace responsable de los da\u00f1os causados por virus u otros programas maliciosos adquiridos durante la navegaci\u00f3n por el sitio. Se recomienda a los usuarios utilizar software de seguridad actualizado.<\/p>\n<\/div><div class=\"mx-5 sm:mx-0 prose leading-relaxed text-lg mb-5 text-left wp-paragraph\">\n<p><strong>3.6 Limitaciones de responsabilidad<\/strong><\/p>\n<\/div><div class=\"mx-5 sm:mx-0 prose leading-relaxed text-lg mb-5 text-left wp-paragraph\">\n<p>Lucrodin no es responsable de los da\u00f1os resultantes del uso indebido del sitio o de acontecimientos imprevistos fuera de su control (fuerza mayor).<\/p>\n<\/div><div class=\"mx-5 sm:mx-0 prose leading-relaxed text-lg mb-5 text-left wp-paragraph\">\n<p><strong>3.7 Interacciones financieras<\/strong><\/p>\n<\/div><div class=\"mx-5 sm:mx-0 prose leading-relaxed text-lg mb-5 text-left wp-paragraph\">\n<p>Lucrodin no requiere ning\u00fan pago, dep\u00f3sito o transferencia bancaria para acceder a productos o servicios financieros.<\/p>\n<\/div><div class=\"mx-5 sm:mx-0 prose leading-relaxed text-lg mb-5 text-left wp-paragraph\">\n<p><strong>3.8 Avisos de seguridad<\/strong><\/p>\n<\/div><div class=\"mx-5 sm:mx-0 prose leading-relaxed text-lg mb-5 text-left wp-paragraph\">\n<p>Nunca solicitamos sus datos personales por correo electr\u00f3nico ni enviamos archivos ejecutables. Si recibe alguna comunicaci\u00f3n sospechosa, por favor rep\u00f3rtela inmediatamente a trav\u00e9s de nuestro formulario de contacto disponible en <a style=\" color:;\" href=\"https:\/\/lucrodin.com\/es\/contact\/\">https:\/\/lucrodin.com\/contact\/<\/a>.&nbsp;<\/p>\n<\/div><!--advertisement--><div class=\"mx-5 sm:mx-0 sm:text-3xl text-2xl font-medium title-font mb-4 text-gray-900 text-left\">\n<h2 class=\"wp-block-heading\">Secci\u00f3n IV \u2013 C\u00f3digo de conducta y restricciones<\/h2>\n<\/div><div class=\"mx-5 sm:mx-0 prose leading-relaxed text-lg mb-5 text-left wp-paragraph\">\n<p>Las Condiciones de servicio de Lucrodin establecen pautas espec\u00edficas para la interacci\u00f3n adecuada con nuestro sitio web y el contenido que ofrecemos. Las siguientes acciones est\u00e1n estrictamente prohibidas:<\/p>\n<\/div><div class=\"mx-5 sm:mx-0 prose text-left mb-5\">\n<ul><div class=\"mx-5 sm:mx-0 prose text-left mb-5\">\n<li>Utilizar el sitio para promover, participar o apoyar actividades ilegales, violando leyes y regulaciones locales o internacionales.<\/li>\n<\/div>\n\n<div class=\"mx-5 sm:mx-0 prose text-left mb-5\">\n<li>Violar cualquier ley o regulaci\u00f3n local, estatal, nacional o internacional a trav\u00e9s de interacciones con nuestro sitio.<\/li>\n<\/div>\n\n<div class=\"mx-5 sm:mx-0 prose text-left mb-5\">\n<li>Infringir derechos de propiedad intelectual, ya sea relacionados con los materiales de Lucrodin o de entidades externas, mediante el uso no autorizado del contenido.<\/li>\n<\/div>\n\n<div class=\"mx-5 sm:mx-0 prose text-left mb-5\">\n<li>Participar en acoso, abuso, difamaci\u00f3n o discriminaci\u00f3n contra personas o grupos bas\u00e1ndose en atributos legalmente protegidos.<\/li>\n<\/div>\n\n<div class=\"mx-5 sm:mx-0 prose text-left mb-5\">\n<li>Publicar intencionalmente informaci\u00f3n falsa o enga\u00f1osa que comprometa la credibilidad e integridad del contenido del sitio.<\/li>\n<\/div>\n\n<div class=\"mx-5 sm:mx-0 prose text-left mb-5\">\n<li>Difundir virus o c\u00f3digos maliciosos que puedan da\u00f1ar la seguridad de nuestro servicio, otros sitios web o la infraestructura de Internet.<\/li>\n<\/div>\n\n<div class=\"mx-5 sm:mx-0 prose text-left mb-5\">\n<li>Recopilar o monitorear informaci\u00f3n personal de otros usuarios sin consentimiento expl\u00edcito y claro, violando su privacidad.<\/li>\n<\/div>\n\n<div class=\"mx-5 sm:mx-0 prose text-left mb-5\">\n<li>Participar en actividades como spam, phishing, pharming, pretexting, as\u00ed como spidering, crawling o scraping, que podr\u00edan alterar la funcionalidad del sitio.<\/li>\n<\/div>\n\n<div class=\"mx-5 sm:mx-0 prose text-left mb-5\">\n<li>Utilizar el sitio para distribuir contenido obsceno o moralmente cuestionable que contradiga los est\u00e1ndares \u00e9ticos.<\/li>\n<\/div>\n\n<div class=\"mx-5 sm:mx-0 prose text-left mb-5\">\n<li>Intentar eludir, deshabilitar o comprometer de otro modo las medidas de seguridad implementadas por Lucrodin o sus socios.<\/li>\n<\/div><\/ul>\n<\/div><div class=\"mx-5 sm:mx-0 prose leading-relaxed text-lg mb-5 text-left wp-paragraph\">\n<p>Nos reservamos el derecho de suspender o restringir su acceso a nuestros servicios y cualquier sitio web asociado si determinamos que ha violado estas pautas establecidas.<\/p>\n<\/div><!--advertisement--><div class=\"mx-5 sm:mx-0 sm:text-3xl text-2xl font-medium title-font mb-4 text-gray-900 text-left\">\n<h2 class=\"wp-block-heading\">Secci\u00f3n V \u2013 Garant\u00edas y limitaciones de responsabilidad<\/h2>\n<\/div><div class=\"mx-5 sm:mx-0 prose leading-relaxed text-lg mb-5 text-left wp-paragraph\">\n<p>La estabilidad del acceso a nuestros servicios puede variar y no garantizamos que sean completamente seguros o est\u00e9n libres de errores. Adem\u00e1s, no aseguramos la precisi\u00f3n o confiabilidad de los resultados derivados del uso de nuestros servicios, los cuales pueden ser suspendidos o interrumpidos en cualquier momento sin previo aviso.<\/p>\n<\/div><div class=\"mx-5 sm:mx-0 prose leading-relaxed text-lg mb-5 text-left wp-paragraph\">\n<p>Usted reconoce y acepta que la responsabilidad por el uso o la imposibilidad de usar el servicio recae exclusivamente sobre usted. El servicio se proporciona \u201ctal como est\u00e1\u201d en el momento del acceso, sin garant\u00edas de ning\u00fan tipo, ya sean expresas o impl\u00edcitas.<\/p>\n<\/div><div class=\"mx-5 sm:mx-0 prose leading-relaxed text-lg mb-5 text-left wp-paragraph\">\n<p>Lucrodin y sus representantes no ser\u00e1n responsables de ning\u00fan da\u00f1o, p\u00e9rdida o reclamo resultante del uso del servicio, incluyendo, entre otros, p\u00e9rdida de ganancias, datos u otras p\u00e9rdidas intangibles, incluso si surgen del uso de cualquier servicio o producto puesto a disposici\u00f3n por Lucrodin.<\/p>\n<\/div><div class=\"mx-5 sm:mx-0 prose leading-relaxed text-lg mb-5 text-left wp-paragraph\">\n<p>En jurisdicciones donde no se permite la exclusi\u00f3n o limitaci\u00f3n de responsabilidad por da\u00f1os indirectos o incidentales, nuestra responsabilidad se limitar\u00e1 al m\u00e1ximo permitido por la ley.<\/p>\n<\/div><!--advertisement--><div class=\"mx-5 sm:mx-0 sm:text-3xl text-2xl font-medium title-font mb-4 text-gray-900 text-left\">\n<h2 class=\"wp-block-heading\">Secci\u00f3n VI \u2013 Duraci\u00f3n y prescripci\u00f3n de las acciones judiciales<\/h2>\n<\/div><div class=\"mx-5 sm:mx-0 prose leading-relaxed text-lg mb-5 text-left wp-paragraph\">\n<p><strong>6.1 Validez de los T\u00e9rminos<\/strong><\/p>\n<\/div><div class=\"mx-5 sm:mx-0 prose leading-relaxed text-lg mb-5 text-left wp-paragraph\">\n<p>Las Condiciones Generales de Uso de Lucrodin permanecer\u00e1n vigentes indefinidamente hasta que sean modificadas o revocadas mediante nueva notificaci\u00f3n.<\/p>\n<\/div><div class=\"mx-5 sm:mx-0 prose leading-relaxed text-lg mb-5 text-left wp-paragraph\">\n<p><strong>6.2 Plazo para iniciar acciones legales<\/strong><\/p>\n<\/div><div class=\"mx-5 sm:mx-0 prose leading-relaxed text-lg mb-5 text-left wp-paragraph\">\n<p>Cualquier acci\u00f3n legal o procedimiento administrativo relacionado con el uso de Lucrodin, tal y como se describe en estos T\u00e9rminos de Uso o en la Pol\u00edtica de Privacidad, deber\u00e1 iniciarse en un plazo m\u00e1ximo de 90 d\u00edas desde el evento que dio lugar a la acci\u00f3n.<\/p>\n<\/div><!--advertisement--><div class=\"mx-5 sm:mx-0 sm:text-3xl text-2xl font-medium title-font mb-4 text-gray-900 text-left\">\n<h2 class=\"wp-block-heading\">Secci\u00f3n VII \u2013 Leyes Aplicables y Jurisdicci\u00f3n Legal<\/h2>\n<\/div><div class=\"mx-5 sm:mx-0 prose leading-relaxed text-lg mb-5 text-left wp-paragraph\">\n<p>Los T\u00e9rminos de Uso y la Pol\u00edtica de Privacidad de este sitio web est\u00e1n sujetos a las leyes de la Rep\u00fablica Federativa del Brasil. Esto incluye el cumplimiento de las disposiciones establecidas por la Constituci\u00f3n Federal, as\u00ed como las regulaciones espec\u00edficas previstas en el C\u00f3digo Civil, el C\u00f3digo de Protecci\u00f3n del Consumidor, el Marco Civil de Internet y la Ley General de Protecci\u00f3n de Datos (RGPD), lo que garantiza un cumplimiento legal integral.<\/p>\n<\/div><!--advertisement--><div class=\"mx-5 sm:mx-0 sm:text-3xl text-2xl font-medium title-font mb-4 text-gray-900 text-left\">\n<h2 class=\"wp-block-heading\">Secci\u00f3n VIII \u2013 Exenci\u00f3n de responsabilidad y derechos de autor<\/h2>\n<\/div><div class=\"mx-5 sm:mx-0 prose leading-relaxed text-lg mb-5 text-left wp-paragraph\">\n<p><strong>8.1 Protecci\u00f3n de los derechos de propiedad intelectual<\/strong><\/p>\n<\/div><div class=\"mx-5 sm:mx-0 prose leading-relaxed text-lg mb-5 text-left wp-paragraph\">\n<p>Todos los materiales disponibles en Lucrodin, ya sea proporcionados directamente por el sitio o por sus socios, est\u00e1n protegidos por las leyes de derechos de autor y propiedad intelectual. Est\u00e1 estrictamente prohibido copiar, modificar, distribuir, mostrar o crear trabajos derivados de estos materiales sin el permiso formal por escrito de Lucrodin.<\/p>\n<\/div><div class=\"mx-5 sm:mx-0 prose leading-relaxed text-lg mb-5 text-left wp-paragraph\">\n<p><strong>8.2 Limitaci\u00f3n de responsabilidad<\/strong><\/p>\n<\/div><div class=\"mx-5 sm:mx-0 prose leading-relaxed text-lg mb-5 text-left wp-paragraph\">\n<p>Lucrodin no asume ninguna responsabilidad por el contenido creado por los usuarios, incluidos, entre otros, los comentarios publicados en foros o plataformas de redes sociales. Adem\u00e1s, la empresa no es responsable de ning\u00fan da\u00f1o, ya sea directo o indirecto, relacionado con el uso del sitio.<\/p>\n<\/div><div class=\"mx-5 sm:mx-0 prose leading-relaxed text-lg mb-5 text-left wp-paragraph\">\n<p><strong>8.3 Cumplimiento de las infracciones<\/strong><\/p>\n<\/div><div class=\"mx-5 sm:mx-0 prose leading-relaxed text-lg mb-5 text-left wp-paragraph\">\n<p>Lucrodin se reserva el derecho de eliminar cualquier contenido que infrinja estas Condiciones de uso, en particular contenido que sea ilegal, ofensivo, difamatorio o que infrinja derechos de terceros. Adem\u00e1s, Lucrodin se reserva la autoridad de desactivar cuentas de usuarios que no cumplan con estas normas.<\/p>\n<\/div><!--advertisement--><div class=\"mx-5 sm:mx-0 sm:text-3xl text-2xl font-medium title-font mb-4 text-gray-900 text-left\">\n<h2 class=\"wp-block-heading\">Secci\u00f3n IX \u2013 Revisiones y modificaciones a los T\u00e9rminos y Condiciones<\/h2>\n<\/div><div class=\"mx-5 sm:mx-0 prose leading-relaxed text-lg mb-5 text-left wp-paragraph\">\n<p>Lucrodin se reserva el derecho de modificar, suspender o discontinuar cualquier aspecto de sus servicios en cualquier momento, sin obligaci\u00f3n de proporcionar aviso previo. No existe ninguna obligaci\u00f3n legal para que la empresa justifique estos cambios a los usuarios o terceros.<\/p>\n<\/div><div class=\"mx-5 sm:mx-0 prose leading-relaxed text-lg mb-5 text-left wp-paragraph\">\n<p>Si contin\u00faa utilizando el sitio despu\u00e9s de que se hayan implementado estos cambios, se considerar\u00e1 que ha aceptado impl\u00edcitamente los T\u00e9rminos y condiciones revisados. Si no est\u00e1 de acuerdo con las modificaciones, se recomienda que deje de utilizar el sitio para evitar la aceptaci\u00f3n de los t\u00e9rminos actualizados.<\/p>\n<\/div><!--advertisement--><div class=\"mx-5 sm:mx-0 sm:text-3xl text-2xl font-medium title-font mb-4 text-gray-900 text-left\">\n<h2 class=\"wp-block-heading\">Secci\u00f3n X \u2013 Contacto con Lucrodin<\/h2>\n<\/div><div class=\"mx-5 sm:mx-0 prose leading-relaxed text-lg mb-5 text-left wp-paragraph\">\n<p>Si tiene alguna pregunta o sugerencia sobre nuestros servicios, le recomendamos que se comunique con nuestro equipo de atenci\u00f3n al cliente. Visite <a style=\" color:;\" href=\"https:\/\/lucrodin.com\/es\/contact\/\">https:\/\/lucrodin.com\/contact\/<\/a> y utilice el formulario de contacto disponible para enviar su mensaje de forma eficaz y directa.<\/p>\n<\/div>","protected":false},"excerpt":{"rendered":"<p>Actualizado el 21 de octubre de 2024 Lucrodin gestiona su propio sitio web, accesible en https:\/\/lucrodin.com\/. Los t\u00e9rminos \u201cnosotros\u201d o \u201cnuestro\u201d se refieren al equipo de gesti\u00f3n de Lucrodin. El sitio web ofrece una amplia gama de informaci\u00f3n, servicios y contenidos, y el acceso al mismo constituye la aceptaci\u00f3n total de nuestros t\u00e9rminos, condiciones y pol\u00edticas. Nuestro sitio web se destaca como un sitio digital confiable\u2026 <a class=\"more-link\" href=\"https:\/\/lucrodin.com\/es\/terms-of-use-lucrodin\/\">Sigue leyendo <span class=\"screen-reader-text\">Condiciones de uso \u2013 Lucrodin<\/span><\/a><\/p>","protected":false},"author":133,"featured_media":0,"parent":0,"menu_order":0,"comment_status":"closed","ping_status":"closed","template":"","meta":{"footnotes":""},"yoast_head":"<!-- This site is optimized with the Yoast SEO plugin v23.3 - https:\/\/yoast.com\/wordpress\/plugins\/seo\/ -->\n<title>Terms of Use \u2013 Lucrodin - Lucrodin<\/title>\n<meta name=\"robots\" content=\"index, follow, max-snippet:-1, max-image-preview:large, max-video-preview:-1\" \/>\n<link rel=\"canonical\" href=\"https:\/\/lucrodin.com\/es\/terms-of-use-lucrodin\/\" \/>\n<meta property=\"og:locale\" content=\"es_MX\" \/>\n<meta property=\"og:type\" content=\"article\" \/>\n<meta property=\"og:title\" content=\"Terms of Use \u2013 Lucrodin - Lucrodin\" \/>\n<meta property=\"og:description\" content=\"Updated on October 21, 2024 Lucrodin manages its own website, accessible at https:\/\/lucrodin.com\/. The terms &#8220;we&#8221; or &#8220;our&#8221; refer to the Lucrodin management team. The website offers a wide range of information, services, and content, and accessing it constitutes full acceptance of our terms, conditions, and policies. Our website stands out as a trusted digital&hellip; Continue reading Terms of Use \u2013 Lucrodin\" \/>\n<meta property=\"og:url\" content=\"https:\/\/lucrodin.com\/es\/terms-of-use-lucrodin\/\" \/>\n<meta property=\"og:site_name\" content=\"Lucrodin\" \/>\n<meta property=\"article:modified_time\" content=\"2025-01-24T21:02:42+00:00\" \/>\n<meta name=\"twitter:card\" content=\"summary_large_image\" \/>\n<meta name=\"twitter:label1\" content=\"Est. reading time\" \/>\n\t<meta name=\"twitter:data1\" content=\"7 minutos\" \/>\n<script type=\"application\/ld+json\" class=\"yoast-schema-graph\">{\"@context\":\"https:\/\/schema.org\",\"@graph\":[{\"@type\":\"WebPage\",\"@id\":\"https:\/\/lucrodin.com\/terms-of-use-lucrodin\/\",\"url\":\"https:\/\/lucrodin.com\/terms-of-use-lucrodin\/\",\"name\":\"Terms of Use \u2013 Lucrodin - Lucrodin\",\"isPartOf\":{\"@id\":\"https:\/\/lucrodin.com\/#website\"},\"datePublished\":\"2025-01-24T21:02:40+00:00\",\"dateModified\":\"2025-01-24T21:02:42+00:00\",\"breadcrumb\":{\"@id\":\"https:\/\/lucrodin.com\/terms-of-use-lucrodin\/#breadcrumb\"},\"inLanguage\":\"es-MX\",\"potentialAction\":[{\"@type\":\"ReadAction\",\"target\":[\"https:\/\/lucrodin.com\/terms-of-use-lucrodin\/\"]}]},{\"@type\":\"BreadcrumbList\",\"@id\":\"https:\/\/lucrodin.com\/terms-of-use-lucrodin\/#breadcrumb\",\"itemListElement\":[{\"@type\":\"ListItem\",\"position\":1,\"name\":\"Home\",\"item\":\"https:\/\/lucrodin.com\/\"},{\"@type\":\"ListItem\",\"position\":2,\"name\":\"Terms of Use \u2013 Lucrodin\"}]},{\"@type\":\"WebSite\",\"@id\":\"https:\/\/lucrodin.com\/#website\",\"url\":\"https:\/\/lucrodin.com\/\",\"name\":\"Lucrodin\",\"description\":\"\",\"potentialAction\":[{\"@type\":\"SearchAction\",\"target\":{\"@type\":\"EntryPoint\",\"urlTemplate\":\"https:\/\/lucrodin.com\/?s={search_term_string}\"},\"query-input\":\"required name=search_term_string\"}],\"inLanguage\":\"es-MX\"}]}<\/script>\n<!-- \/ Yoast SEO plugin. -->","yoast_head_json":{"title":"Terms of Use \u2013 Lucrodin - Lucrodin","robots":{"index":"index","follow":"follow","max-snippet":"max-snippet:-1","max-image-preview":"max-image-preview:large","max-video-preview":"max-video-preview:-1"},"canonical":"https:\/\/lucrodin.com\/es\/terms-of-use-lucrodin\/","og_locale":"es_MX","og_type":"article","og_title":"Terms of Use \u2013 Lucrodin - Lucrodin","og_description":"Updated on October 21, 2024 Lucrodin manages its own website, accessible at https:\/\/lucrodin.com\/. The terms &#8220;we&#8221; or &#8220;our&#8221; refer to the Lucrodin management team. The website offers a wide range of information, services, and content, and accessing it constitutes full acceptance of our terms, conditions, and policies. Our website stands out as a trusted digital&hellip; Continue reading Terms of Use \u2013 Lucrodin","og_url":"https:\/\/lucrodin.com\/es\/terms-of-use-lucrodin\/","og_site_name":"Lucrodin","article_modified_time":"2025-01-24T21:02:42+00:00","twitter_card":"summary_large_image","twitter_misc":{"Est. reading time":"7 minutos"},"schema":{"@context":"https:\/\/schema.org","@graph":[{"@type":"WebPage","@id":"https:\/\/lucrodin.com\/terms-of-use-lucrodin\/","url":"https:\/\/lucrodin.com\/terms-of-use-lucrodin\/","name":"Terms of Use \u2013 Lucrodin - Lucrodin","isPartOf":{"@id":"https:\/\/lucrodin.com\/#website"},"datePublished":"2025-01-24T21:02:40+00:00","dateModified":"2025-01-24T21:02:42+00:00","breadcrumb":{"@id":"https:\/\/lucrodin.com\/terms-of-use-lucrodin\/#breadcrumb"},"inLanguage":"es-MX","potentialAction":[{"@type":"ReadAction","target":["https:\/\/lucrodin.com\/terms-of-use-lucrodin\/"]}]},{"@type":"BreadcrumbList","@id":"https:\/\/lucrodin.com\/terms-of-use-lucrodin\/#breadcrumb","itemListElement":[{"@type":"ListItem","position":1,"name":"Home","item":"https:\/\/lucrodin.com\/"},{"@type":"ListItem","position":2,"name":"Terms of Use \u2013 Lucrodin"}]},{"@type":"WebSite","@id":"https:\/\/lucrodin.com\/#website","url":"https:\/\/lucrodin.com\/","name":"Lucrodin","description":"","potentialAction":[{"@type":"SearchAction","target":{"@type":"EntryPoint","urlTemplate":"https:\/\/lucrodin.com\/?s={search_term_string}"},"query-input":"required name=search_term_string"}],"inLanguage":"es-MX"}]}},"_links":{"self":[{"href":"https:\/\/lucrodin.com\/es\/wp-json\/wp\/v2\/pages\/6771"}],"collection":[{"href":"https:\/\/lucrodin.com\/es\/wp-json\/wp\/v2\/pages"}],"about":[{"href":"https:\/\/lucrodin.com\/es\/wp-json\/wp\/v2\/types\/page"}],"author":[{"embeddable":true,"href":"https:\/\/lucrodin.com\/es\/wp-json\/wp\/v2\/users\/133"}],"replies":[{"embeddable":true,"href":"https:\/\/lucrodin.com\/es\/wp-json\/wp\/v2\/comments?post=6771"}],"version-history":[{"count":1,"href":"https:\/\/lucrodin.com\/es\/wp-json\/wp\/v2\/pages\/6771\/revisions"}],"predecessor-version":[{"id":6772,"href":"https:\/\/lucrodin.com\/es\/wp-json\/wp\/v2\/pages\/6771\/revisions\/6772"}],"wp:attachment":[{"href":"https:\/\/lucrodin.com\/es\/wp-json\/wp\/v2\/media?parent=6771"}],"curies":[{"name":"wp","href":"https:\/\/api.w.org\/{rel}","templated":true}]}}