{"id":6775,"date":"2025-01-24T21:05:07","date_gmt":"2025-01-24T21:05:07","guid":{"rendered":"https:\/\/lucrodin.com\/?page_id=6775"},"modified":"2025-01-24T21:05:09","modified_gmt":"2025-01-24T21:05:09","slug":"about-us","status":"publish","type":"page","link":"https:\/\/lucrodin.com\/es\/about-us\/","title":{"rendered":"Sobre nosotros"},"content":{"rendered":"<div class=\"mx-5 sm:mx-0 prose leading-relaxed text-lg mb-5 text-left wp-paragraph\">\n<p>Bienvenido a Lucrodin, su gu\u00eda de confianza en el mundo de las finanzas y las oportunidades laborales. Nuestra misi\u00f3n es brindar informaci\u00f3n clara y actualizada sobre ofertas de trabajo, tarjetas de cr\u00e9dito, pr\u00e9stamos y estrategias para mejorar su bienestar financiero y profesional. Nuestro objetivo es brindarle conocimientos y confianza mientras navega por estas importantes \u00e1reas.<\/p>\n<\/div><!--advertisement--><div class=\"mx-5 sm:mx-0 sm:text-3xl text-2xl font-medium title-font mb-4 text-gray-900 text-left\">\n<h2 class=\"wp-block-heading\">Quienes somos<\/h2>\n<\/div><div class=\"mx-5 sm:mx-0 prose leading-relaxed text-lg mb-5 text-left wp-paragraph\">\n<p>Lucrodin est\u00e1 gestionado por un equipo de entusiastas de las finanzas comprometidos con simplificar conceptos financieros complejos y ofrecer informaci\u00f3n de mercado sencilla y fiable. Nuestro equipo investiga continuamente la informaci\u00f3n m\u00e1s relevante y fiable para mantenerlo bien informado y preparado.<\/p>\n<\/div><!--advertisement--><div class=\"mx-5 sm:mx-0 sm:text-3xl text-2xl font-medium title-font mb-4 text-gray-900 text-left\">\n<h2 class=\"wp-block-heading\">Lo que ofrecemos<\/h2>\n<\/div><div class=\"mx-5 sm:mx-0 prose leading-relaxed text-lg mb-5 text-left wp-paragraph\">\n<p>En Lucrodin, usted tiene acceso a una amplia gama de informaci\u00f3n financiera y profesional, que incluye:<\/p>\n<\/div><div class=\"mx-5 sm:mx-0 prose text-left mb-5\">\n<ul><div class=\"mx-5 sm:mx-0 prose text-left mb-5\">\n<li><strong>Tarjetas de cr\u00e9dito:<\/strong> Encuentre rese\u00f1as detalladas que le ayudar\u00e1n a elegir la mejor tarjeta de cr\u00e9dito para sus necesidades y aprender c\u00f3mo maximizar los beneficios disponibles.<\/li>\n<\/div>\n\n<div class=\"mx-5 sm:mx-0 prose text-left mb-5\">\n<li><strong>Pr\u00e9stamos:<\/strong> Aprenda a identificar las mejores opciones de pr\u00e9stamos, comparar tasas de inter\u00e9s y comprender los t\u00e9rminos contractuales con claridad.<\/li>\n<\/div>\n\n<div class=\"mx-5 sm:mx-0 prose text-left mb-5\">\n<li><strong>Consejos financieros: <\/strong>Desde ahorrar dinero hasta estrategias de inversi\u00f3n, nuestros consejos de expertos est\u00e1n dise\u00f1ados para ayudarle a fortalecer sus finanzas personales.<\/li>\n<\/div>\n\n<div class=\"mx-5 sm:mx-0 prose text-left mb-5\">\n<li><strong>Actualizaciones del mercado:<\/strong> Mant\u00e9ngase informado sobre las \u00faltimas tendencias y cambios en el mundo financiero para que siempre pueda estar un paso adelante.<\/li>\n<\/div>\n\n<div class=\"mx-5 sm:mx-0 prose text-left mb-5\">\n<li><strong>Oportunidades de trabajo: <\/strong>Descubra las oportunidades laborales disponibles y perspectivas profesionales que le ayudar\u00e1n a crecer profesionalmente.<\/li>\n<\/div><\/ul>\n<\/div><!--advertisement--><div class=\"mx-5 sm:mx-0 sm:text-3xl text-2xl font-medium title-font mb-4 text-gray-900 text-left\">\n<h2 class=\"wp-block-heading\">Aviso legal<\/h2>\n<\/div><div class=\"mx-5 sm:mx-0 prose leading-relaxed text-lg mb-5 text-left wp-paragraph\">\n<p>Lucrodin no est\u00e1 afiliado a ninguno de los productos o empresas mencionados en nuestro sitio web. Nuestro contenido se crea \u00fanicamente con el prop\u00f3sito de proporcionar informaci\u00f3n sobre los servicios y productos financieros que consideramos relevantes. La informaci\u00f3n que brindamos se basa en una investigaci\u00f3n exhaustiva y tiene como objetivo ayudarlo a tomar decisiones financieras m\u00e1s informadas. Sin embargo, nuestro contenido no reemplaza el asesoramiento financiero profesional de expertos calificados.<\/p>\n<\/div>","protected":false},"excerpt":{"rendered":"<p>Bienvenido a Lucrodin, tu gu\u00eda de confianza en el mundo de las finanzas y las oportunidades laborales. Nuestra misi\u00f3n es brindarte informaci\u00f3n clara y actualizada sobre ofertas de empleo, tarjetas de cr\u00e9dito, pr\u00e9stamos y estrategias para mejorar tu bienestar financiero y profesional. Nuestro objetivo es brindarte conocimiento y confianza mientras exploras estas importantes \u00e1reas. \u00bfQui\u00e9n\u2026? <a class=\"more-link\" href=\"https:\/\/lucrodin.com\/es\/about-us\/\">Sigue leyendo <span class=\"screen-reader-text\">Sobre nosotros<\/span><\/a><\/p>","protected":false},"author":133,"featured_media":0,"parent":0,"menu_order":0,"comment_status":"closed","ping_status":"closed","template":"","meta":{"footnotes":""},"yoast_head":"<!-- This site is optimized with the Yoast SEO plugin v23.3 - https:\/\/yoast.com\/wordpress\/plugins\/seo\/ -->\n<title>About Us - Lucrodin<\/title>\n<meta name=\"robots\" content=\"index, follow, max-snippet:-1, max-image-preview:large, max-video-preview:-1\" \/>\n<link rel=\"canonical\" href=\"https:\/\/lucrodin.com\/es\/about-us\/\" \/>\n<meta property=\"og:locale\" content=\"es_MX\" \/>\n<meta property=\"og:type\" content=\"article\" \/>\n<meta property=\"og:title\" content=\"About Us - Lucrodin\" \/>\n<meta property=\"og:description\" content=\"Welcome to Lucrodin, your trusted guide in the world of finance and job opportunities. Our mission is to provide clear and up-to-date information on job openings, credit cards, loans, and strategies to improve both your financial and professional well-being. We aim to empower you with knowledge and confidence as you navigate these important areas. Who&hellip; Continue reading About Us\" \/>\n<meta property=\"og:url\" content=\"https:\/\/lucrodin.com\/es\/about-us\/\" \/>\n<meta property=\"og:site_name\" content=\"Lucrodin\" \/>\n<meta property=\"article:modified_time\" content=\"2025-01-24T21:05:09+00:00\" \/>\n<meta name=\"twitter:card\" content=\"summary_large_image\" \/>\n<meta name=\"twitter:label1\" content=\"Est. reading time\" \/>\n\t<meta name=\"twitter:data1\" content=\"2 minutos\" \/>\n<script type=\"application\/ld+json\" class=\"yoast-schema-graph\">{\"@context\":\"https:\/\/schema.org\",\"@graph\":[{\"@type\":\"WebPage\",\"@id\":\"https:\/\/lucrodin.com\/about-us\/\",\"url\":\"https:\/\/lucrodin.com\/about-us\/\",\"name\":\"About Us - Lucrodin\",\"isPartOf\":{\"@id\":\"https:\/\/lucrodin.com\/#website\"},\"datePublished\":\"2025-01-24T21:05:07+00:00\",\"dateModified\":\"2025-01-24T21:05:09+00:00\",\"breadcrumb\":{\"@id\":\"https:\/\/lucrodin.com\/about-us\/#breadcrumb\"},\"inLanguage\":\"es-MX\",\"potentialAction\":[{\"@type\":\"ReadAction\",\"target\":[\"https:\/\/lucrodin.com\/about-us\/\"]}]},{\"@type\":\"BreadcrumbList\",\"@id\":\"https:\/\/lucrodin.com\/about-us\/#breadcrumb\",\"itemListElement\":[{\"@type\":\"ListItem\",\"position\":1,\"name\":\"Home\",\"item\":\"https:\/\/lucrodin.com\/\"},{\"@type\":\"ListItem\",\"position\":2,\"name\":\"About Us\"}]},{\"@type\":\"WebSite\",\"@id\":\"https:\/\/lucrodin.com\/#website\",\"url\":\"https:\/\/lucrodin.com\/\",\"name\":\"Lucrodin\",\"description\":\"\",\"potentialAction\":[{\"@type\":\"SearchAction\",\"target\":{\"@type\":\"EntryPoint\",\"urlTemplate\":\"https:\/\/lucrodin.com\/?s={search_term_string}\"},\"query-input\":\"required name=search_term_string\"}],\"inLanguage\":\"es-MX\"}]}<\/script>\n<!-- \/ Yoast SEO plugin. -->","yoast_head_json":{"title":"About Us - Lucrodin","robots":{"index":"index","follow":"follow","max-snippet":"max-snippet:-1","max-image-preview":"max-image-preview:large","max-video-preview":"max-video-preview:-1"},"canonical":"https:\/\/lucrodin.com\/es\/about-us\/","og_locale":"es_MX","og_type":"article","og_title":"About Us - Lucrodin","og_description":"Welcome to Lucrodin, your trusted guide in the world of finance and job opportunities. Our mission is to provide clear and up-to-date information on job openings, credit cards, loans, and strategies to improve both your financial and professional well-being. We aim to empower you with knowledge and confidence as you navigate these important areas. Who&hellip; Continue reading About Us","og_url":"https:\/\/lucrodin.com\/es\/about-us\/","og_site_name":"Lucrodin","article_modified_time":"2025-01-24T21:05:09+00:00","twitter_card":"summary_large_image","twitter_misc":{"Est. reading time":"2 minutos"},"schema":{"@context":"https:\/\/schema.org","@graph":[{"@type":"WebPage","@id":"https:\/\/lucrodin.com\/about-us\/","url":"https:\/\/lucrodin.com\/about-us\/","name":"About Us - Lucrodin","isPartOf":{"@id":"https:\/\/lucrodin.com\/#website"},"datePublished":"2025-01-24T21:05:07+00:00","dateModified":"2025-01-24T21:05:09+00:00","breadcrumb":{"@id":"https:\/\/lucrodin.com\/about-us\/#breadcrumb"},"inLanguage":"es-MX","potentialAction":[{"@type":"ReadAction","target":["https:\/\/lucrodin.com\/about-us\/"]}]},{"@type":"BreadcrumbList","@id":"https:\/\/lucrodin.com\/about-us\/#breadcrumb","itemListElement":[{"@type":"ListItem","position":1,"name":"Home","item":"https:\/\/lucrodin.com\/"},{"@type":"ListItem","position":2,"name":"About Us"}]},{"@type":"WebSite","@id":"https:\/\/lucrodin.com\/#website","url":"https:\/\/lucrodin.com\/","name":"Lucrodin","description":"","potentialAction":[{"@type":"SearchAction","target":{"@type":"EntryPoint","urlTemplate":"https:\/\/lucrodin.com\/?s={search_term_string}"},"query-input":"required name=search_term_string"}],"inLanguage":"es-MX"}]}},"_links":{"self":[{"href":"https:\/\/lucrodin.com\/es\/wp-json\/wp\/v2\/pages\/6775"}],"collection":[{"href":"https:\/\/lucrodin.com\/es\/wp-json\/wp\/v2\/pages"}],"about":[{"href":"https:\/\/lucrodin.com\/es\/wp-json\/wp\/v2\/types\/page"}],"author":[{"embeddable":true,"href":"https:\/\/lucrodin.com\/es\/wp-json\/wp\/v2\/users\/133"}],"replies":[{"embeddable":true,"href":"https:\/\/lucrodin.com\/es\/wp-json\/wp\/v2\/comments?post=6775"}],"version-history":[{"count":1,"href":"https:\/\/lucrodin.com\/es\/wp-json\/wp\/v2\/pages\/6775\/revisions"}],"predecessor-version":[{"id":6776,"href":"https:\/\/lucrodin.com\/es\/wp-json\/wp\/v2\/pages\/6775\/revisions\/6776"}],"wp:attachment":[{"href":"https:\/\/lucrodin.com\/es\/wp-json\/wp\/v2\/media?parent=6775"}],"curies":[{"name":"wp","href":"https:\/\/api.w.org\/{rel}","templated":true}]}}