{"id":263,"date":"2023-12-12T17:21:12","date_gmt":"2023-12-12T20:21:12","guid":{"rendered":"https:\/\/lucrodin.com\/?page_id=263"},"modified":"2025-01-24T21:07:13","modified_gmt":"2025-01-24T21:07:13","slug":"contact","status":"publish","type":"page","link":"https:\/\/lucrodin.com\/pt\/contact\/","title":{"rendered":"Contate-nos!"},"content":{"rendered":"<div class=\"mx-5 sm:mx-0 prose leading-relaxed text-lg mb-5 text-left wp-paragraph\">\n<p>Seu <strong>opini\u00e3o<\/strong> \u00e9 essencial para nosso crescimento e melhoria cont\u00ednua. Sinta-se \u00e0 vontade para compartilhar suas ideias e nos dizer como podemos melhorar nossos servi\u00e7os. Sua mensagem \u00e9 importante para n\u00f3s, e estamos ansiosos para ouvir de voc\u00ea!<\/p>\n<\/div><div class=\"wp-block-lazyblock-contact lazyblock-contact-1qcxqW\"><script type=\"module\"> import { Application, Controller } from \"\/wp-content\/themes\/twentytwentyone\/assets\/js\/stimulus.min.js\"; let Stimulus = Application.start(); Stimulus.register(\"contact\", class extends Controller { static get targets() { return [ \"name\", \"email\", \"message\", \"button\", \"alertMessage\", \"returnMessage\" ]; } getName() { return this.nameTarget.value; } getEmail() { return this.emailTarget.value; } getMessage() { return this.messageTarget.value; } _beforeSend(response) { response.text().then((result) => { result = JSON.parse(result); this.alertMessageTarget.innerHTML = result.alert; }) } btnSubmitDisabled(event) { if (this.getName() != \"\" && this.getEmail() != \"\" && this.getMessage() != \"\") this.buttonTarget.disabled = false; else this.buttonTarget.disabled = true; } submit() { this.buttonTarget.disabled = true; let adminAjax = location.origin + '\/wp-json\/v1\/send_contact_message'; let objectContact = { name: this.getName(), email: this.getEmail(), message: this.getMessage() }; fetch(adminAjax, { method: 'POST', credentials: 'same-origin', headers: {'Content-Type': 'application\/x-www-form-urlencoded; charset=utf-8'}, body: JSON.stringify(objectContact) }).then(response => this._beforeSend(response)); this.nameTarget.value = ''; this.emailTarget.value = ''; this.messageTarget.value = ''; this.buttonTarget.disabled = false; } }) <\/script><section data-controller=\"contact\" class=\"mx-5 sm:mx-0 text-gray-600 body-font relative\">\n    <div class=\"container px-5 mx-auto\">\n      <div class=\"lg:w-1\/2 md:w-2\/3 mx-auto\">\n        <div class=\"flex flex-wrap -m-2\">\n            <div class=\"p-2 w-1\/2\">\n                <div class=\"relative\">\n                    <label for=\"name\" class=\"leading-7 text-sm text-gray-600\">\n                        Nome                    <\/label>\n                    <input data-contact-target=\"name\" data-action=\"contact#btnSubmitDisabled\" type=\"text\" id=\"name\" name=\"name\" class=\"w-full bg-gray-100 bg-opacity-50 rounded border border-gray-300 focus:border-indigo-500 focus:bg-white focus:ring-2 focus:ring-indigo-200 text-base outline-none text-gray-700 py-1 px-3 leading-8 transition-colors duration-200 ease-in-out\">\n                <\/div>\n            <\/div>\n            <div class=\"p-2 w-1\/2\">\n                <div class=\"relative\">\n                    <label for=\"email\" class=\"leading-7 text-sm text-gray-600\">\n                        E-mail                    <\/label>\n                    <input data-contact-target=\"email\" data-action=\"contact#btnSubmitDisabled\" type=\"email\" id=\"email\" name=\"email\" class=\"w-full bg-gray-100 bg-opacity-50 rounded border border-gray-300 focus:border-indigo-500 focus:bg-white focus:ring-2 focus:ring-indigo-200 text-base outline-none text-gray-700 py-1 px-3 leading-8 transition-colors duration-200 ease-in-out\">\n                <\/div>\n            <\/div>\n            <div class=\"p-2 w-full\">\n                <div class=\"relative\">\n                    <label for=\"message\" class=\"leading-7 text-sm text-gray-600\">\n                        Mensagem                    <\/label>\n                    <textarea data-contact-target=\"message\" data-action=\"contact#btnSubmitDisabled\" id=\"message\" name=\"message\" class=\"w-full bg-gray-100 bg-opacity-50 rounded border border-gray-300 focus:border-indigo-500 focus:bg-white focus:ring-2 focus:ring-indigo-200 h-32 text-base outline-none text-gray-700 py-1 px-3 resize-none leading-6 transition-colors duration-200 ease-in-out\"><\/textarea>\n                <\/div>\n            <\/div>\n            <div class=\"p-2 w-full\">\n                <button data-contact-target=\"button\" data-action='contact#submit' class=\"flex mx-auto border-0 py-2 px-8 focus:outline-none rounded text-lg disabled:opacity-50\" disabled>\n                    Enviar                <\/button>\n            <\/div>    \n            <div class=\"p-2 w-full pt-4 mt-4 text-center\" data-contact-target=\"alertMessage\">\n                <div role=\"alert\">\n                    <span class=\"block sm:inline\" data-contact-target=\"returnMessage\"><\/span>\n                <\/div>\n            <\/div>            \n        <\/div>\n      <\/div>\n    <\/div>\n<\/section>\n<\/div>","protected":false},"excerpt":{"rendered":"<p>Seu feedback \u00e9 essencial para o nosso crescimento e melhoria cont\u00ednua. Sinta-se \u00e0 vontade para compartilhar suas ideias e nos dizer como podemos aprimorar nossos servi\u00e7os. Sua mensagem \u00e9 importante para n\u00f3s e aguardamos ansiosamente seu contato!<\/p>","protected":false},"author":8,"featured_media":0,"parent":0,"menu_order":0,"comment_status":"closed","ping_status":"closed","template":"","meta":{"footnotes":""},"yoast_head":"<!-- This site is optimized with the Yoast SEO plugin v23.3 - https:\/\/yoast.com\/wordpress\/plugins\/seo\/ -->\n<title>Contact Us! - Lucrodin<\/title>\n<meta name=\"robots\" content=\"index, follow, max-snippet:-1, max-image-preview:large, max-video-preview:-1\" \/>\n<link rel=\"canonical\" href=\"https:\/\/lucrodin.com\/pt\/contact\/\" \/>\n<meta property=\"og:locale\" content=\"pt_BR\" \/>\n<meta property=\"og:type\" content=\"article\" \/>\n<meta property=\"og:title\" content=\"Contact Us! - Lucrodin\" \/>\n<meta property=\"og:description\" content=\"Your feedback is essential to our growth and continuous improvement. Feel free to share your thoughts and let us know how we can enhance our services. Your message matters to us, and we look forward to hearing from you!\" \/>\n<meta property=\"og:url\" content=\"https:\/\/lucrodin.com\/pt\/contact\/\" \/>\n<meta property=\"og:site_name\" content=\"Lucrodin\" \/>\n<meta property=\"article:modified_time\" content=\"2025-01-24T21:07:13+00:00\" \/>\n<meta name=\"twitter:card\" content=\"summary_large_image\" \/>\n<meta name=\"twitter:label1\" content=\"Est. reading time\" \/>\n\t<meta name=\"twitter:data1\" content=\"1 minuto\" \/>\n<script type=\"application\/ld+json\" class=\"yoast-schema-graph\">{\"@context\":\"https:\/\/schema.org\",\"@graph\":[{\"@type\":\"WebPage\",\"@id\":\"https:\/\/lucrodin.com\/contact\/\",\"url\":\"https:\/\/lucrodin.com\/contact\/\",\"name\":\"Contact Us! - Lucrodin\",\"isPartOf\":{\"@id\":\"https:\/\/lucrodin.com\/#website\"},\"datePublished\":\"2023-12-12T20:21:12+00:00\",\"dateModified\":\"2025-01-24T21:07:13+00:00\",\"breadcrumb\":{\"@id\":\"https:\/\/lucrodin.com\/contact\/#breadcrumb\"},\"inLanguage\":\"pt-BR\",\"potentialAction\":[{\"@type\":\"ReadAction\",\"target\":[\"https:\/\/lucrodin.com\/contact\/\"]}]},{\"@type\":\"BreadcrumbList\",\"@id\":\"https:\/\/lucrodin.com\/contact\/#breadcrumb\",\"itemListElement\":[{\"@type\":\"ListItem\",\"position\":1,\"name\":\"Home\",\"item\":\"https:\/\/lucrodin.com\/\"},{\"@type\":\"ListItem\",\"position\":2,\"name\":\"Contact Us!\"}]},{\"@type\":\"WebSite\",\"@id\":\"https:\/\/lucrodin.com\/#website\",\"url\":\"https:\/\/lucrodin.com\/\",\"name\":\"Lucrodin\",\"description\":\"\",\"potentialAction\":[{\"@type\":\"SearchAction\",\"target\":{\"@type\":\"EntryPoint\",\"urlTemplate\":\"https:\/\/lucrodin.com\/?s={search_term_string}\"},\"query-input\":\"required name=search_term_string\"}],\"inLanguage\":\"pt-BR\"}]}<\/script>\n<!-- \/ Yoast SEO plugin. -->","yoast_head_json":{"title":"Contact Us! - Lucrodin","robots":{"index":"index","follow":"follow","max-snippet":"max-snippet:-1","max-image-preview":"max-image-preview:large","max-video-preview":"max-video-preview:-1"},"canonical":"https:\/\/lucrodin.com\/pt\/contact\/","og_locale":"pt_BR","og_type":"article","og_title":"Contact Us! - Lucrodin","og_description":"Your feedback is essential to our growth and continuous improvement. Feel free to share your thoughts and let us know how we can enhance our services. Your message matters to us, and we look forward to hearing from you!","og_url":"https:\/\/lucrodin.com\/pt\/contact\/","og_site_name":"Lucrodin","article_modified_time":"2025-01-24T21:07:13+00:00","twitter_card":"summary_large_image","twitter_misc":{"Est. reading time":"1 minuto"},"schema":{"@context":"https:\/\/schema.org","@graph":[{"@type":"WebPage","@id":"https:\/\/lucrodin.com\/contact\/","url":"https:\/\/lucrodin.com\/contact\/","name":"Contact Us! - Lucrodin","isPartOf":{"@id":"https:\/\/lucrodin.com\/#website"},"datePublished":"2023-12-12T20:21:12+00:00","dateModified":"2025-01-24T21:07:13+00:00","breadcrumb":{"@id":"https:\/\/lucrodin.com\/contact\/#breadcrumb"},"inLanguage":"pt-BR","potentialAction":[{"@type":"ReadAction","target":["https:\/\/lucrodin.com\/contact\/"]}]},{"@type":"BreadcrumbList","@id":"https:\/\/lucrodin.com\/contact\/#breadcrumb","itemListElement":[{"@type":"ListItem","position":1,"name":"Home","item":"https:\/\/lucrodin.com\/"},{"@type":"ListItem","position":2,"name":"Contact Us!"}]},{"@type":"WebSite","@id":"https:\/\/lucrodin.com\/#website","url":"https:\/\/lucrodin.com\/","name":"Lucrodin","description":"","potentialAction":[{"@type":"SearchAction","target":{"@type":"EntryPoint","urlTemplate":"https:\/\/lucrodin.com\/?s={search_term_string}"},"query-input":"required name=search_term_string"}],"inLanguage":"pt-BR"}]}},"_links":{"self":[{"href":"https:\/\/lucrodin.com\/pt\/wp-json\/wp\/v2\/pages\/263"}],"collection":[{"href":"https:\/\/lucrodin.com\/pt\/wp-json\/wp\/v2\/pages"}],"about":[{"href":"https:\/\/lucrodin.com\/pt\/wp-json\/wp\/v2\/types\/page"}],"author":[{"embeddable":true,"href":"https:\/\/lucrodin.com\/pt\/wp-json\/wp\/v2\/users\/8"}],"replies":[{"embeddable":true,"href":"https:\/\/lucrodin.com\/pt\/wp-json\/wp\/v2\/comments?post=263"}],"version-history":[{"count":2,"href":"https:\/\/lucrodin.com\/pt\/wp-json\/wp\/v2\/pages\/263\/revisions"}],"predecessor-version":[{"id":6777,"href":"https:\/\/lucrodin.com\/pt\/wp-json\/wp\/v2\/pages\/263\/revisions\/6777"}],"wp:attachment":[{"href":"https:\/\/lucrodin.com\/pt\/wp-json\/wp\/v2\/media?parent=263"}],"curies":[{"name":"wp","href":"https:\/\/api.w.org\/{rel}","templated":true}]}}