{"id":6771,"date":"2025-01-24T21:02:40","date_gmt":"2025-01-24T21:02:40","guid":{"rendered":"https:\/\/lucrodin.com\/?page_id=6771"},"modified":"2025-01-24T21:02:42","modified_gmt":"2025-01-24T21:02:42","slug":"terms-of-use-lucrodin","status":"publish","type":"page","link":"https:\/\/lucrodin.com\/pt\/terms-of-use-lucrodin\/","title":{"rendered":"Termos de Uso \u2013 Lucrodin"},"content":{"rendered":"<div class=\"mx-5 sm:mx-0 prose leading-relaxed text-lg mb-5 text-left wp-paragraph\">\n<p>Atualizado em 21 de outubro de 2024<\/p>\n<\/div><div class=\"mx-5 sm:mx-0 prose leading-relaxed text-lg mb-5 text-left wp-paragraph\">\n<p>A Lucrodin administra seu pr\u00f3prio site, acess\u00edvel em <a style=\" color:;\" href=\"https:\/\/lucrodin.com\/pt\/\">https:\/\/lucrodin.com\/<\/a>. Os termos \u201cn\u00f3s\u201d ou \u201cnosso\u201d referem-se \u00e0 equipe de gest\u00e3o da Lucrodin. O site oferece uma ampla gama de informa\u00e7\u00f5es, servi\u00e7os e conte\u00fado, e acess\u00e1-lo constitui aceita\u00e7\u00e3o total de nossos termos, condi\u00e7\u00f5es e pol\u00edticas.<\/p>\n<\/div><div class=\"mx-5 sm:mx-0 prose leading-relaxed text-lg mb-5 text-left wp-paragraph\">\n<p>Nosso site se destaca como uma plataforma digital confi\u00e1vel, fornecendo conte\u00fado educacional e an\u00e1lises aprofundadas de v\u00e1rios produtos e servi\u00e7os, incluindo avalia\u00e7\u00f5es de cart\u00e3o de cr\u00e9dito, op\u00e7\u00f5es de empr\u00e9stimo, orienta\u00e7\u00e3o financeira de fontes regionais e internacionais e postagens informativas sobre oportunidades de emprego.<\/p>\n<\/div><div class=\"mx-5 sm:mx-0 prose leading-relaxed text-lg mb-5 text-left wp-paragraph\">\n<p>Ao interagir com este site, voc\u00ea concorda com nossos Termos de Uso e Pol\u00edtica de Privacidade, que podem ser revisados em <a style=\" color:;\" href=\"https:\/\/lucrodin.com\/pt\/privacy\/\">https:\/\/lucrodin.com\/privacy\/<\/a>, em conformidade com as leis aplic\u00e1veis.<\/p>\n<\/div><div class=\"mx-5 sm:mx-0 prose leading-relaxed text-lg mb-5 text-left wp-paragraph\">\n<p>O objetivo destes Termos e Condi\u00e7\u00f5es Gerais de Uso \u00e9 delinear as responsabilidades, obriga\u00e7\u00f5es e direitos de todos os usu\u00e1rios que navegam ou utilizam o site da Lucrodin, conforme detalhado nas se\u00e7\u00f5es a seguir.<\/p>\n<\/div><div class=\"mx-5 sm:mx-0 prose leading-relaxed text-lg mb-5 text-left wp-paragraph\">\n<p><strong>\u00c9 essencial que voc\u00ea leia atentamente os Termos de Uso antes de prosseguir. Se voc\u00ea n\u00e3o concordar com os termos estipulados, pedimos que voc\u00ea se abstenha de usar os servi\u00e7os da Lucrodin.<\/strong><\/p>\n<\/div><!--advertisement--><div class=\"mx-5 sm:mx-0 sm:text-3xl text-2xl font-medium title-font mb-4 text-gray-900 text-left\">\n<h2 class=\"wp-block-heading\">Se\u00e7\u00e3o I \u2013 Acesso e uso do Lucrodin<\/h2>\n<\/div><div class=\"mx-5 sm:mx-0 prose leading-relaxed text-lg mb-5 text-left wp-paragraph\">\n<p><strong>1.1 <\/strong>Ao navegar e interagir com o site Lucrodin, voc\u00ea, como usu\u00e1rio, concorda em aderir aos Termos e Condi\u00e7\u00f5es Gerais de Uso e \u00e0 Pol\u00edtica de Privacidade estabelecidos pelo site.<\/p>\n<\/div><div class=\"mx-5 sm:mx-0 prose leading-relaxed text-lg mb-5 text-left wp-paragraph\">\n<p><strong>1.2 <\/strong>Ao usar o Lucrodin, voc\u00ea confirma que tem pelo menos 18 anos e possui capacidade legal para aceitar e cumprir estes Termos e Condi\u00e7\u00f5es de Uso.<\/p>\n<\/div><div class=\"mx-5 sm:mx-0 prose leading-relaxed text-lg mb-5 text-left wp-paragraph\">\n<p><strong>1.3 <\/strong>Se voc\u00ea n\u00e3o atender aos crit\u00e9rios de idade ou capacidade legal exigidos, ou se discordar destes Termos e Condi\u00e7\u00f5es de Uso, voc\u00ea deve se abster de acessar e usar o Lucrodin ou quaisquer outros sites ou servi\u00e7os vinculados.<\/p>\n<\/div><!--advertisement--><div class=\"mx-5 sm:mx-0 sm:text-3xl text-2xl font-medium title-font mb-4 text-gray-900 text-left\">\n<h2 class=\"wp-block-heading\">Se\u00e7\u00e3o II \u2013 Contato com Lucrodin<\/h2>\n<\/div><div class=\"mx-5 sm:mx-0 prose leading-relaxed text-lg mb-5 text-left wp-paragraph\">\n<p><strong>2.1 <\/strong>A Lucrodin fornece um servi\u00e7o de suporte ao usu\u00e1rio para consultas, resolu\u00e7\u00e3o de problemas, envio de reclama\u00e7\u00f5es ou para oferecer informa\u00e7\u00f5es adicionais sobre os produtos e servi\u00e7os apresentados no site.<\/p>\n<\/div><div class=\"mx-5 sm:mx-0 prose leading-relaxed text-lg mb-5 text-left wp-paragraph\">\n<p><strong>2.2 <\/strong>Para entrar em contato conosco, os usu\u00e1rios devem preencher o formul\u00e1rio de contato dispon\u00edvel em: <a style=\" color:;\" href=\"https:\/\/lucrodin.com\/pt\/contact\/\">https:\/\/lucrodin.com\/contact\/<\/a>.&nbsp;<\/p>\n<\/div><!--advertisement--><div class=\"mx-5 sm:mx-0 sm:text-3xl text-2xl font-medium title-font mb-4 text-gray-900 text-left\">\n<h2 class=\"wp-block-heading\">Se\u00e7\u00e3o III \u2013 Direitos e responsabilidades do usu\u00e1rio<\/h2>\n<\/div><div class=\"mx-5 sm:mx-0 prose leading-relaxed text-lg mb-5 text-left wp-paragraph\">\n<p><strong>3.1 Compromisso com os Termos e Pol\u00edtica de Privacidade<\/strong><\/p>\n<\/div><div class=\"mx-5 sm:mx-0 prose leading-relaxed text-lg mb-5 text-left wp-paragraph\">\n<p>Ao usar o Lucrodin, voc\u00ea confirma que leu, entendeu e concordou com todos os Termos e Condi\u00e7\u00f5es, bem como com a Pol\u00edtica de Privacidade do site.<\/p>\n<\/div><div class=\"mx-5 sm:mx-0 prose leading-relaxed text-lg mb-5 text-left wp-paragraph\">\n<p><strong>3.2 Refer\u00eancias de sites externos<\/strong><\/p>\n<\/div><div class=\"mx-5 sm:mx-0 prose leading-relaxed text-lg mb-5 text-left wp-paragraph\">\n<p>A Lucrodin fornece links para sites externos, que podem oferecer produtos ou servi\u00e7os de parceiros. Esses links s\u00e3o fornecidos sem que a Lucrodin tenha controle direto sobre essas intera\u00e7\u00f5es.<\/p>\n<\/div><div class=\"mx-5 sm:mx-0 prose leading-relaxed text-lg mb-5 text-left wp-paragraph\">\n<p><strong>3.3 Condi\u00e7\u00f5es do Site Afiliado<\/strong><\/p>\n<\/div><div class=\"mx-5 sm:mx-0 prose leading-relaxed text-lg mb-5 text-left wp-paragraph\">\n<p>Ao acessar sites afiliados atrav\u00e9s do Lucrodin, voc\u00ea deve aceitar os Termos de Uso e as Pol\u00edticas de Privacidade desses sites externos.<\/p>\n<\/div><div class=\"mx-5 sm:mx-0 prose leading-relaxed text-lg mb-5 text-left wp-paragraph\">\n<p><strong>3.4 Isen\u00e7\u00e3o de responsabilidade para informa\u00e7\u00f5es de terceiros<\/strong><\/p>\n<\/div><div class=\"mx-5 sm:mx-0 prose leading-relaxed text-lg mb-5 text-left wp-paragraph\">\n<p>A Lucrodin n\u00e3o assume nenhuma responsabilidade pelas informa\u00e7\u00f5es, termos ou pol\u00edticas relacionadas a produtos e servi\u00e7os de terceiros, nem por quaisquer transa\u00e7\u00f5es conduzidas com tais entidades.<\/p>\n<\/div><div class=\"mx-5 sm:mx-0 prose leading-relaxed text-lg mb-5 text-left wp-paragraph\">\n<p><strong>3.5 Prote\u00e7\u00e3o contra software prejudicial<\/strong><\/p>\n<\/div><div class=\"mx-5 sm:mx-0 prose leading-relaxed text-lg mb-5 text-left wp-paragraph\">\n<p>A Lucrodin se isenta de qualquer responsabilidade por danos causados por v\u00edrus ou outros softwares maliciosos adquiridos durante a navega\u00e7\u00e3o no site. Os usu\u00e1rios s\u00e3o aconselhados a usar software de seguran\u00e7a atualizado.<\/p>\n<\/div><div class=\"mx-5 sm:mx-0 prose leading-relaxed text-lg mb-5 text-left wp-paragraph\">\n<p><strong>3.6 Limita\u00e7\u00f5es de responsabilidade<\/strong><\/p>\n<\/div><div class=\"mx-5 sm:mx-0 prose leading-relaxed text-lg mb-5 text-left wp-paragraph\">\n<p>A Lucrodin n\u00e3o se responsabiliza por danos resultantes do uso indevido do site ou de eventos imprevistos fora de seu controle (for\u00e7a maior).<\/p>\n<\/div><div class=\"mx-5 sm:mx-0 prose leading-relaxed text-lg mb-5 text-left wp-paragraph\">\n<p><strong>3.7 Intera\u00e7\u00f5es financeiras<\/strong><\/p>\n<\/div><div class=\"mx-5 sm:mx-0 prose leading-relaxed text-lg mb-5 text-left wp-paragraph\">\n<p>A Lucrodin n\u00e3o exige nenhum pagamento, dep\u00f3sito ou transfer\u00eancia banc\u00e1ria para acesso a produtos ou servi\u00e7os financeiros.<\/p>\n<\/div><div class=\"mx-5 sm:mx-0 prose leading-relaxed text-lg mb-5 text-left wp-paragraph\">\n<p><strong>3.8 Avisos de seguran\u00e7a<\/strong><\/p>\n<\/div><div class=\"mx-5 sm:mx-0 prose leading-relaxed text-lg mb-5 text-left wp-paragraph\">\n<p>Nunca solicitamos seus dados pessoais por e-mail, nem enviamos arquivos execut\u00e1veis. Se voc\u00ea receber qualquer comunica\u00e7\u00e3o suspeita, denuncie imediatamente usando nosso formul\u00e1rio de contato dispon\u00edvel em <a style=\" color:;\" href=\"https:\/\/lucrodin.com\/pt\/contact\/\">https:\/\/lucrodin.com\/contact\/<\/a>.&nbsp;<\/p>\n<\/div><!--advertisement--><div class=\"mx-5 sm:mx-0 sm:text-3xl text-2xl font-medium title-font mb-4 text-gray-900 text-left\">\n<h2 class=\"wp-block-heading\">Se\u00e7\u00e3o IV \u2013 C\u00f3digo de Conduta e Restri\u00e7\u00f5es<\/h2>\n<\/div><div class=\"mx-5 sm:mx-0 prose leading-relaxed text-lg mb-5 text-left wp-paragraph\">\n<p>Os Termos de Servi\u00e7o da Lucrodin estabelecem diretrizes espec\u00edficas para intera\u00e7\u00e3o apropriada com nosso site e o conte\u00fado que fornecemos. As seguintes a\u00e7\u00f5es s\u00e3o estritamente proibidas:<\/p>\n<\/div><div class=\"mx-5 sm:mx-0 prose text-left mb-5\">\n<ul><div class=\"mx-5 sm:mx-0 prose text-left mb-5\">\n<li>Usar o site para promover, participar ou apoiar atividades ilegais, violando leis e regulamentos locais ou internacionais.<\/li>\n<\/div>\n\n<div class=\"mx-5 sm:mx-0 prose text-left mb-5\">\n<li>Violar quaisquer leis ou regulamentos locais, estaduais, nacionais ou internacionais por meio de intera\u00e7\u00f5es com nosso site.<\/li>\n<\/div>\n\n<div class=\"mx-5 sm:mx-0 prose text-left mb-5\">\n<li>Violar direitos de propriedade intelectual, relacionados aos materiais da Lucrodin ou de entidades externas, por meio do uso n\u00e3o autorizado do conte\u00fado.<\/li>\n<\/div>\n\n<div class=\"mx-5 sm:mx-0 prose text-left mb-5\">\n<li>Envolver-se em ass\u00e9dio, abuso, difama\u00e7\u00e3o ou discrimina\u00e7\u00e3o contra indiv\u00edduos ou grupos com base em atributos legalmente protegidos.<\/li>\n<\/div>\n\n<div class=\"mx-5 sm:mx-0 prose text-left mb-5\">\n<li>Publicar intencionalmente informa\u00e7\u00f5es falsas ou enganosas que comprometam a credibilidade e a integridade do conte\u00fado do site.<\/li>\n<\/div>\n\n<div class=\"mx-5 sm:mx-0 prose text-left mb-5\">\n<li>Espalhar v\u00edrus ou c\u00f3digos maliciosos que possam prejudicar a seguran\u00e7a do nosso servi\u00e7o, de outros sites ou da infraestrutura da Internet.<\/li>\n<\/div>\n\n<div class=\"mx-5 sm:mx-0 prose text-left mb-5\">\n<li>Coletar ou monitorar informa\u00e7\u00f5es pessoais de outros usu\u00e1rios sem consentimento expl\u00edcito e claro, violando sua privacidade.<\/li>\n<\/div>\n\n<div class=\"mx-5 sm:mx-0 prose text-left mb-5\">\n<li>Envolver-se em atividades como spam, phishing, pharming, pretexting, bem como spidering, crawling ou scraping, que podem prejudicar a funcionalidade do site.<\/li>\n<\/div>\n\n<div class=\"mx-5 sm:mx-0 prose text-left mb-5\">\n<li>Usar o site para distribuir conte\u00fado obsceno ou moralmente question\u00e1vel que contradiga padr\u00f5es \u00e9ticos.<\/li>\n<\/div>\n\n<div class=\"mx-5 sm:mx-0 prose text-left mb-5\">\n<li>Tentar contornar, desabilitar ou comprometer de outra forma as medidas de seguran\u00e7a implementadas pela Lucrodin ou seus parceiros.<\/li>\n<\/div><\/ul>\n<\/div><div class=\"mx-5 sm:mx-0 prose leading-relaxed text-lg mb-5 text-left wp-paragraph\">\n<p>Reservamo-nos o direito de suspender ou restringir seu acesso aos nossos servi\u00e7os e quaisquer sites associados se determinarmos que voc\u00ea violou essas diretrizes estabelecidas.<\/p>\n<\/div><!--advertisement--><div class=\"mx-5 sm:mx-0 sm:text-3xl text-2xl font-medium title-font mb-4 text-gray-900 text-left\">\n<h2 class=\"wp-block-heading\">Se\u00e7\u00e3o V \u2013 Garantias e Limita\u00e7\u00f5es de Responsabilidade<\/h2>\n<\/div><div class=\"mx-5 sm:mx-0 prose leading-relaxed text-lg mb-5 text-left wp-paragraph\">\n<p>A estabilidade do acesso aos nossos servi\u00e7os pode variar, e n\u00e3o garantimos que eles ser\u00e3o completamente seguros ou livres de erros. Al\u00e9m disso, n\u00e3o garantimos a precis\u00e3o ou confiabilidade de quaisquer resultados derivados do uso de nossos servi\u00e7os, que podem ser suspensos ou descontinuados a qualquer momento sem aviso pr\u00e9vio.<\/p>\n<\/div><div class=\"mx-5 sm:mx-0 prose leading-relaxed text-lg mb-5 text-left wp-paragraph\">\n<p>Voc\u00ea reconhece e aceita que a responsabilidade por usar ou n\u00e3o usar o servi\u00e7o \u00e9 inteiramente sua. O servi\u00e7o \u00e9 fornecido \u201ccomo est\u00e1\u201d no momento do acesso, sem quaisquer garantias, expressas ou impl\u00edcitas.<\/p>\n<\/div><div class=\"mx-5 sm:mx-0 prose leading-relaxed text-lg mb-5 text-left wp-paragraph\">\n<p>A Lucrodin e seus representantes n\u00e3o ser\u00e3o respons\u00e1veis por quaisquer danos, perdas ou reivindica\u00e7\u00f5es resultantes do uso do servi\u00e7o, incluindo, mas n\u00e3o se limitando a, perda de lucros, dados ou outras perdas intang\u00edveis, mesmo que decorrentes do uso de quaisquer servi\u00e7os ou produtos disponibilizados pela Lucrodin.<\/p>\n<\/div><div class=\"mx-5 sm:mx-0 prose leading-relaxed text-lg mb-5 text-left wp-paragraph\">\n<p>Em jurisdi\u00e7\u00f5es onde a exclus\u00e3o ou limita\u00e7\u00e3o de responsabilidade por danos indiretos ou incidentais n\u00e3o \u00e9 permitida, nossa responsabilidade ser\u00e1 limitada \u00e0 extens\u00e3o m\u00e1xima permitida por lei.<\/p>\n<\/div><!--advertisement--><div class=\"mx-5 sm:mx-0 sm:text-3xl text-2xl font-medium title-font mb-4 text-gray-900 text-left\">\n<h2 class=\"wp-block-heading\">Se\u00e7\u00e3o VI \u2013 Dura\u00e7\u00e3o e Limita\u00e7\u00f5es Temporais para A\u00e7\u00f5es Judiciais<\/h2>\n<\/div><div class=\"mx-5 sm:mx-0 prose leading-relaxed text-lg mb-5 text-left wp-paragraph\">\n<p><strong>6.1 Validade dos Termos<\/strong><\/p>\n<\/div><div class=\"mx-5 sm:mx-0 prose leading-relaxed text-lg mb-5 text-left wp-paragraph\">\n<p>Os Termos e Condi\u00e7\u00f5es Gerais de Uso da Lucrodin permanecem v\u00e1lidos por tempo indeterminado at\u00e9 que sejam modificados ou revogados por meio de nova notifica\u00e7\u00e3o.<\/p>\n<\/div><div class=\"mx-5 sm:mx-0 prose leading-relaxed text-lg mb-5 text-left wp-paragraph\">\n<p><strong>6.2 Prazo para in\u00edcio de a\u00e7\u00f5es judiciais<\/strong><\/p>\n<\/div><div class=\"mx-5 sm:mx-0 prose leading-relaxed text-lg mb-5 text-left wp-paragraph\">\n<p>Qualquer a\u00e7\u00e3o legal ou procedimento administrativo relacionado ao uso do Lucrodin, conforme descrito nestes Termos de Uso ou na Pol\u00edtica de Privacidade, deve ser iniciado no prazo m\u00e1ximo de 90 dias a partir do evento que deu origem \u00e0 a\u00e7\u00e3o.<\/p>\n<\/div><!--advertisement--><div class=\"mx-5 sm:mx-0 sm:text-3xl text-2xl font-medium title-font mb-4 text-gray-900 text-left\">\n<h2 class=\"wp-block-heading\">Se\u00e7\u00e3o VII \u2013 Leis aplic\u00e1veis e jurisdi\u00e7\u00e3o legal<\/h2>\n<\/div><div class=\"mx-5 sm:mx-0 prose leading-relaxed text-lg mb-5 text-left wp-paragraph\">\n<p>Os Termos de Uso e a Pol\u00edtica de Privacidade deste site est\u00e3o sujeitos \u00e0s leis da Rep\u00fablica Federativa do Brasil. Isso inclui o cumprimento das disposi\u00e7\u00f5es estabelecidas pela Constitui\u00e7\u00e3o Federal, bem como das regulamenta\u00e7\u00f5es espec\u00edficas previstas no C\u00f3digo Civil, C\u00f3digo de Defesa do Consumidor, Marco Civil da Internet e Lei Geral de Prote\u00e7\u00e3o de Dados (GDPR), garantindo a conformidade legal abrangente.<\/p>\n<\/div><!--advertisement--><div class=\"mx-5 sm:mx-0 sm:text-3xl text-2xl font-medium title-font mb-4 text-gray-900 text-left\">\n<h2 class=\"wp-block-heading\">Se\u00e7\u00e3o VIII \u2013 Isen\u00e7\u00e3o de direitos autorais e responsabilidade<\/h2>\n<\/div><div class=\"mx-5 sm:mx-0 prose leading-relaxed text-lg mb-5 text-left wp-paragraph\">\n<p><strong>8.1 Prote\u00e7\u00e3o dos Direitos de Propriedade Intelectual<\/strong><\/p>\n<\/div><div class=\"mx-5 sm:mx-0 prose leading-relaxed text-lg mb-5 text-left wp-paragraph\">\n<p>Todos os materiais dispon\u00edveis no Lucrodin, sejam fornecidos diretamente pelo site ou seus parceiros, s\u00e3o protegidos por leis de direitos autorais e propriedade intelectual. \u00c9 estritamente proibido copiar, modificar, distribuir, exibir ou criar trabalhos derivados desses materiais sem permiss\u00e3o formal por escrito da Lucrodin.<\/p>\n<\/div><div class=\"mx-5 sm:mx-0 prose leading-relaxed text-lg mb-5 text-left wp-paragraph\">\n<p><strong>8.2 Limita\u00e7\u00e3o de responsabilidade<\/strong><\/p>\n<\/div><div class=\"mx-5 sm:mx-0 prose leading-relaxed text-lg mb-5 text-left wp-paragraph\">\n<p>A Lucrodin se isenta de toda responsabilidade pelo conte\u00fado criado pelos usu\u00e1rios, incluindo, mas n\u00e3o se limitando a coment\u00e1rios postados em f\u00f3runs ou em plataformas de m\u00eddia social. Al\u00e9m disso, a empresa n\u00e3o \u00e9 respons\u00e1vel por quaisquer danos, sejam direta ou indiretamente relacionados ao uso do site.<\/p>\n<\/div><div class=\"mx-5 sm:mx-0 prose leading-relaxed text-lg mb-5 text-left wp-paragraph\">\n<p><strong>8.3 Aplica\u00e7\u00e3o de Viola\u00e7\u00f5es<\/strong><\/p>\n<\/div><div class=\"mx-5 sm:mx-0 prose leading-relaxed text-lg mb-5 text-left wp-paragraph\">\n<p>A Lucrodin reserva-se o direito de remover qualquer conte\u00fado que viole estes Termos de Uso, particularmente conte\u00fado que seja ilegal, ofensivo, difamat\u00f3rio ou que infrinja direitos de terceiros. Al\u00e9m disso, a Lucrodin ret\u00e9m a autoridade para desativar contas de usu\u00e1rios que n\u00e3o cumpram com estes regulamentos.<\/p>\n<\/div><!--advertisement--><div class=\"mx-5 sm:mx-0 sm:text-3xl text-2xl font-medium title-font mb-4 text-gray-900 text-left\">\n<h2 class=\"wp-block-heading\">Se\u00e7\u00e3o IX \u2013 Revis\u00f5es e Modifica\u00e7\u00f5es dos Termos e Condi\u00e7\u00f5es<\/h2>\n<\/div><div class=\"mx-5 sm:mx-0 prose leading-relaxed text-lg mb-5 text-left wp-paragraph\">\n<p>A Lucrodin reserva-se o direito de modificar, suspender ou descontinuar qualquer aspecto de seus servi\u00e7os a qualquer momento, sem qualquer obriga\u00e7\u00e3o de fornecer aviso pr\u00e9vio. N\u00e3o h\u00e1 nenhuma exig\u00eancia legal para que a empresa justifique essas mudan\u00e7as para usu\u00e1rios ou terceiros.<\/p>\n<\/div><div class=\"mx-5 sm:mx-0 prose leading-relaxed text-lg mb-5 text-left wp-paragraph\">\n<p>Ao continuar a usar o site ap\u00f3s essas altera\u00e7\u00f5es terem sido implementadas, voc\u00ea ser\u00e1 considerado como tendo aceitado implicitamente os Termos e Condi\u00e7\u00f5es revisados. Se voc\u00ea discordar das modifica\u00e7\u00f5es, \u00e9 recomend\u00e1vel que voc\u00ea interrompa o uso do site para evitar a aceita\u00e7\u00e3o dos termos atualizados.<\/p>\n<\/div><!--advertisement--><div class=\"mx-5 sm:mx-0 sm:text-3xl text-2xl font-medium title-font mb-4 text-gray-900 text-left\">\n<h2 class=\"wp-block-heading\">Se\u00e7\u00e3o X \u2013 Contato com Lucrodin<\/h2>\n<\/div><div class=\"mx-5 sm:mx-0 prose leading-relaxed text-lg mb-5 text-left wp-paragraph\">\n<p>Se voc\u00ea tiver alguma d\u00favida ou sugest\u00e3o sobre nossos servi\u00e7os, recomendamos que entre em contato com nossa equipe de suporte ao cliente. Visite <a style=\" color:;\" href=\"https:\/\/lucrodin.com\/pt\/contact\/\">https:\/\/lucrodin.com\/contact\/<\/a> e utilize o formul\u00e1rio de contato dispon\u00edvel para enviar sua mensagem de forma eficiente e direta.<\/p>\n<\/div>","protected":false},"excerpt":{"rendered":"<p>Atualizado em 21 de outubro de 2024. A Lucrodin gerencia seu pr\u00f3prio website, acess\u00edvel em https:\/\/lucrodin.com\/. Os termos \u201cn\u00f3s\u201d ou \u201cnosso\u201d referem-se \u00e0 equipe de gest\u00e3o da Lucrodin. O website oferece uma ampla gama de informa\u00e7\u00f5es, servi\u00e7os e conte\u00fado, e o acesso a ele constitui a aceita\u00e7\u00e3o integral de nossos termos, condi\u00e7\u00f5es e pol\u00edticas. Nosso website se destaca como um site digital confi\u00e1vel\u2026 <a class=\"more-link\" href=\"https:\/\/lucrodin.com\/pt\/terms-of-use-lucrodin\/\">Continuar lendo <span class=\"screen-reader-text\">Termos de Uso \u2013 Lucrodin<\/span><\/a><\/p>","protected":false},"author":133,"featured_media":0,"parent":0,"menu_order":0,"comment_status":"closed","ping_status":"closed","template":"","meta":{"footnotes":""},"yoast_head":"<!-- This site is optimized with the Yoast SEO plugin v23.3 - https:\/\/yoast.com\/wordpress\/plugins\/seo\/ -->\n<title>Terms of Use \u2013 Lucrodin - Lucrodin<\/title>\n<meta name=\"robots\" content=\"index, follow, max-snippet:-1, max-image-preview:large, max-video-preview:-1\" \/>\n<link rel=\"canonical\" href=\"https:\/\/lucrodin.com\/pt\/terms-of-use-lucrodin\/\" \/>\n<meta property=\"og:locale\" content=\"pt_BR\" \/>\n<meta property=\"og:type\" content=\"article\" \/>\n<meta property=\"og:title\" content=\"Terms of Use \u2013 Lucrodin - Lucrodin\" \/>\n<meta property=\"og:description\" content=\"Updated on October 21, 2024 Lucrodin manages its own website, accessible at https:\/\/lucrodin.com\/. The terms &#8220;we&#8221; or &#8220;our&#8221; refer to the Lucrodin management team. The website offers a wide range of information, services, and content, and accessing it constitutes full acceptance of our terms, conditions, and policies. Our website stands out as a trusted digital&hellip; Continue reading Terms of Use \u2013 Lucrodin\" \/>\n<meta property=\"og:url\" content=\"https:\/\/lucrodin.com\/pt\/terms-of-use-lucrodin\/\" \/>\n<meta property=\"og:site_name\" content=\"Lucrodin\" \/>\n<meta property=\"article:modified_time\" content=\"2025-01-24T21:02:42+00:00\" \/>\n<meta name=\"twitter:card\" content=\"summary_large_image\" \/>\n<meta name=\"twitter:label1\" content=\"Est. reading time\" \/>\n\t<meta name=\"twitter:data1\" content=\"7 minutos\" \/>\n<script type=\"application\/ld+json\" class=\"yoast-schema-graph\">{\"@context\":\"https:\/\/schema.org\",\"@graph\":[{\"@type\":\"WebPage\",\"@id\":\"https:\/\/lucrodin.com\/terms-of-use-lucrodin\/\",\"url\":\"https:\/\/lucrodin.com\/terms-of-use-lucrodin\/\",\"name\":\"Terms of Use \u2013 Lucrodin - Lucrodin\",\"isPartOf\":{\"@id\":\"https:\/\/lucrodin.com\/#website\"},\"datePublished\":\"2025-01-24T21:02:40+00:00\",\"dateModified\":\"2025-01-24T21:02:42+00:00\",\"breadcrumb\":{\"@id\":\"https:\/\/lucrodin.com\/terms-of-use-lucrodin\/#breadcrumb\"},\"inLanguage\":\"pt-BR\",\"potentialAction\":[{\"@type\":\"ReadAction\",\"target\":[\"https:\/\/lucrodin.com\/terms-of-use-lucrodin\/\"]}]},{\"@type\":\"BreadcrumbList\",\"@id\":\"https:\/\/lucrodin.com\/terms-of-use-lucrodin\/#breadcrumb\",\"itemListElement\":[{\"@type\":\"ListItem\",\"position\":1,\"name\":\"Home\",\"item\":\"https:\/\/lucrodin.com\/\"},{\"@type\":\"ListItem\",\"position\":2,\"name\":\"Terms of Use \u2013 Lucrodin\"}]},{\"@type\":\"WebSite\",\"@id\":\"https:\/\/lucrodin.com\/#website\",\"url\":\"https:\/\/lucrodin.com\/\",\"name\":\"Lucrodin\",\"description\":\"\",\"potentialAction\":[{\"@type\":\"SearchAction\",\"target\":{\"@type\":\"EntryPoint\",\"urlTemplate\":\"https:\/\/lucrodin.com\/?s={search_term_string}\"},\"query-input\":\"required name=search_term_string\"}],\"inLanguage\":\"pt-BR\"}]}<\/script>\n<!-- \/ Yoast SEO plugin. -->","yoast_head_json":{"title":"Terms of Use \u2013 Lucrodin - Lucrodin","robots":{"index":"index","follow":"follow","max-snippet":"max-snippet:-1","max-image-preview":"max-image-preview:large","max-video-preview":"max-video-preview:-1"},"canonical":"https:\/\/lucrodin.com\/pt\/terms-of-use-lucrodin\/","og_locale":"pt_BR","og_type":"article","og_title":"Terms of Use \u2013 Lucrodin - Lucrodin","og_description":"Updated on October 21, 2024 Lucrodin manages its own website, accessible at https:\/\/lucrodin.com\/. The terms &#8220;we&#8221; or &#8220;our&#8221; refer to the Lucrodin management team. The website offers a wide range of information, services, and content, and accessing it constitutes full acceptance of our terms, conditions, and policies. Our website stands out as a trusted digital&hellip; Continue reading Terms of Use \u2013 Lucrodin","og_url":"https:\/\/lucrodin.com\/pt\/terms-of-use-lucrodin\/","og_site_name":"Lucrodin","article_modified_time":"2025-01-24T21:02:42+00:00","twitter_card":"summary_large_image","twitter_misc":{"Est. reading time":"7 minutos"},"schema":{"@context":"https:\/\/schema.org","@graph":[{"@type":"WebPage","@id":"https:\/\/lucrodin.com\/terms-of-use-lucrodin\/","url":"https:\/\/lucrodin.com\/terms-of-use-lucrodin\/","name":"Terms of Use \u2013 Lucrodin - Lucrodin","isPartOf":{"@id":"https:\/\/lucrodin.com\/#website"},"datePublished":"2025-01-24T21:02:40+00:00","dateModified":"2025-01-24T21:02:42+00:00","breadcrumb":{"@id":"https:\/\/lucrodin.com\/terms-of-use-lucrodin\/#breadcrumb"},"inLanguage":"pt-BR","potentialAction":[{"@type":"ReadAction","target":["https:\/\/lucrodin.com\/terms-of-use-lucrodin\/"]}]},{"@type":"BreadcrumbList","@id":"https:\/\/lucrodin.com\/terms-of-use-lucrodin\/#breadcrumb","itemListElement":[{"@type":"ListItem","position":1,"name":"Home","item":"https:\/\/lucrodin.com\/"},{"@type":"ListItem","position":2,"name":"Terms of Use \u2013 Lucrodin"}]},{"@type":"WebSite","@id":"https:\/\/lucrodin.com\/#website","url":"https:\/\/lucrodin.com\/","name":"Lucrodin","description":"","potentialAction":[{"@type":"SearchAction","target":{"@type":"EntryPoint","urlTemplate":"https:\/\/lucrodin.com\/?s={search_term_string}"},"query-input":"required name=search_term_string"}],"inLanguage":"pt-BR"}]}},"_links":{"self":[{"href":"https:\/\/lucrodin.com\/pt\/wp-json\/wp\/v2\/pages\/6771"}],"collection":[{"href":"https:\/\/lucrodin.com\/pt\/wp-json\/wp\/v2\/pages"}],"about":[{"href":"https:\/\/lucrodin.com\/pt\/wp-json\/wp\/v2\/types\/page"}],"author":[{"embeddable":true,"href":"https:\/\/lucrodin.com\/pt\/wp-json\/wp\/v2\/users\/133"}],"replies":[{"embeddable":true,"href":"https:\/\/lucrodin.com\/pt\/wp-json\/wp\/v2\/comments?post=6771"}],"version-history":[{"count":1,"href":"https:\/\/lucrodin.com\/pt\/wp-json\/wp\/v2\/pages\/6771\/revisions"}],"predecessor-version":[{"id":6772,"href":"https:\/\/lucrodin.com\/pt\/wp-json\/wp\/v2\/pages\/6771\/revisions\/6772"}],"wp:attachment":[{"href":"https:\/\/lucrodin.com\/pt\/wp-json\/wp\/v2\/media?parent=6771"}],"curies":[{"name":"wp","href":"https:\/\/api.w.org\/{rel}","templated":true}]}}