{"id":6775,"date":"2025-01-24T21:05:07","date_gmt":"2025-01-24T21:05:07","guid":{"rendered":"https:\/\/lucrodin.com\/?page_id=6775"},"modified":"2025-01-24T21:05:09","modified_gmt":"2025-01-24T21:05:09","slug":"about-us","status":"publish","type":"page","link":"https:\/\/lucrodin.com\/pt\/about-us\/","title":{"rendered":"Sobre n\u00f3s"},"content":{"rendered":"<div class=\"mx-5 sm:mx-0 prose leading-relaxed text-lg mb-5 text-left wp-paragraph\">\n<p>Bem-vindo \u00e0 Lucrodin, seu guia confi\u00e1vel no mundo das finan\u00e7as e oportunidades de emprego. Nossa miss\u00e3o \u00e9 fornecer informa\u00e7\u00f5es claras e atualizadas sobre vagas de emprego, cart\u00f5es de cr\u00e9dito, empr\u00e9stimos e estrat\u00e9gias para melhorar seu bem-estar financeiro e profissional. Nosso objetivo \u00e9 capacit\u00e1-lo com conhecimento e confian\u00e7a enquanto voc\u00ea navega por essas \u00e1reas importantes.<\/p>\n<\/div><!--advertisement--><div class=\"mx-5 sm:mx-0 sm:text-3xl text-2xl font-medium title-font mb-4 text-gray-900 text-left\">\n<h2 class=\"wp-block-heading\">Quem somos<\/h2>\n<\/div><div class=\"mx-5 sm:mx-0 prose leading-relaxed text-lg mb-5 text-left wp-paragraph\">\n<p>A Lucrodin \u00e9 gerenciada por uma equipe de entusiastas de finan\u00e7as comprometida em simplificar conceitos financeiros complexos e fornecer insights de mercado diretos e confi\u00e1veis. Nossa equipe pesquisa continuamente as informa\u00e7\u00f5es mais relevantes e confi\u00e1veis para mant\u00ea-lo bem informado e preparado.<\/p>\n<\/div><!--advertisement--><div class=\"mx-5 sm:mx-0 sm:text-3xl text-2xl font-medium title-font mb-4 text-gray-900 text-left\">\n<h2 class=\"wp-block-heading\">O que oferecemos<\/h2>\n<\/div><div class=\"mx-5 sm:mx-0 prose leading-relaxed text-lg mb-5 text-left wp-paragraph\">\n<p>Na Lucrodin, voc\u00ea tem acesso a uma ampla gama de informa\u00e7\u00f5es financeiras e relacionadas \u00e0 carreira, incluindo:<\/p>\n<\/div><div class=\"mx-5 sm:mx-0 prose text-left mb-5\">\n<ul><div class=\"mx-5 sm:mx-0 prose text-left mb-5\">\n<li><strong>Cart\u00f5es de cr\u00e9dito:<\/strong> Encontre avalia\u00e7\u00f5es detalhadas para ajudar voc\u00ea a escolher o melhor cart\u00e3o de cr\u00e9dito para suas necessidades e saiba como maximizar os benef\u00edcios dispon\u00edveis.<\/li>\n<\/div>\n\n<div class=\"mx-5 sm:mx-0 prose text-left mb-5\">\n<li><strong>Empr\u00e9stimos:<\/strong> Aprenda a identificar as melhores op\u00e7\u00f5es de empr\u00e9stimo, comparar taxas de juros e entender os termos contratuais com clareza.<\/li>\n<\/div>\n\n<div class=\"mx-5 sm:mx-0 prose text-left mb-5\">\n<li><strong>Dicas financeiras: <\/strong>Desde economizar dinheiro at\u00e9 estrat\u00e9gias de investimento, nossas dicas de especialistas foram elaboradas para ajudar voc\u00ea a fortalecer suas finan\u00e7as pessoais.<\/li>\n<\/div>\n\n<div class=\"mx-5 sm:mx-0 prose text-left mb-5\">\n<li><strong>Atualiza\u00e7\u00f5es de mercado:<\/strong> Mantenha-se informado sobre as \u00faltimas tend\u00eancias e mudan\u00e7as no mundo financeiro para que voc\u00ea possa estar sempre um passo \u00e0 frente.<\/li>\n<\/div>\n\n<div class=\"mx-5 sm:mx-0 prose text-left mb-5\">\n<li><strong>Oportunidades de emprego: <\/strong>Descubra oportunidades de emprego dispon\u00edveis e insights de carreira para ajudar voc\u00ea a crescer profissionalmente.<\/li>\n<\/div><\/ul>\n<\/div><!--advertisement--><div class=\"mx-5 sm:mx-0 sm:text-3xl text-2xl font-medium title-font mb-4 text-gray-900 text-left\">\n<h2 class=\"wp-block-heading\">Aviso Legal<\/h2>\n<\/div><div class=\"mx-5 sm:mx-0 prose leading-relaxed text-lg mb-5 text-left wp-paragraph\">\n<p>A Lucrodin n\u00e3o \u00e9 afiliada a nenhum dos produtos ou empresas mencionados em nosso site. Nosso conte\u00fado \u00e9 criado exclusivamente com o prop\u00f3sito de fornecer insights informativos sobre servi\u00e7os e produtos financeiros que consideramos relevantes. As informa\u00e7\u00f5es que fornecemos s\u00e3o baseadas em pesquisas extensas e t\u00eam como objetivo ajudar voc\u00ea a tomar decis\u00f5es financeiras mais informadas. No entanto, nosso conte\u00fado n\u00e3o substitui o aconselhamento financeiro profissional de especialistas qualificados.<\/p>\n<\/div>","protected":false},"excerpt":{"rendered":"<p>Bem-vindo \u00e0 Lucrodin, seu guia de confian\u00e7a no mundo das finan\u00e7as e oportunidades de emprego. Nossa miss\u00e3o \u00e9 fornecer informa\u00e7\u00f5es claras e atualizadas sobre vagas de emprego, cart\u00f5es de cr\u00e9dito, empr\u00e9stimos e estrat\u00e9gias para melhorar seu bem-estar financeiro e profissional. Nosso objetivo \u00e9 capacit\u00e1-lo com conhecimento e confian\u00e7a enquanto voc\u00ea navega por essas \u00e1reas importantes. Quem\u2026 <a class=\"more-link\" href=\"https:\/\/lucrodin.com\/pt\/about-us\/\">Continuar lendo <span class=\"screen-reader-text\">Sobre n\u00f3s<\/span><\/a><\/p>","protected":false},"author":133,"featured_media":0,"parent":0,"menu_order":0,"comment_status":"closed","ping_status":"closed","template":"","meta":{"footnotes":""},"yoast_head":"<!-- This site is optimized with the Yoast SEO plugin v23.3 - https:\/\/yoast.com\/wordpress\/plugins\/seo\/ -->\n<title>About Us - Lucrodin<\/title>\n<meta name=\"robots\" content=\"index, follow, max-snippet:-1, max-image-preview:large, max-video-preview:-1\" \/>\n<link rel=\"canonical\" href=\"https:\/\/lucrodin.com\/pt\/about-us\/\" \/>\n<meta property=\"og:locale\" content=\"pt_BR\" \/>\n<meta property=\"og:type\" content=\"article\" \/>\n<meta property=\"og:title\" content=\"About Us - Lucrodin\" \/>\n<meta property=\"og:description\" content=\"Welcome to Lucrodin, your trusted guide in the world of finance and job opportunities. Our mission is to provide clear and up-to-date information on job openings, credit cards, loans, and strategies to improve both your financial and professional well-being. We aim to empower you with knowledge and confidence as you navigate these important areas. Who&hellip; Continue reading About Us\" \/>\n<meta property=\"og:url\" content=\"https:\/\/lucrodin.com\/pt\/about-us\/\" \/>\n<meta property=\"og:site_name\" content=\"Lucrodin\" \/>\n<meta property=\"article:modified_time\" content=\"2025-01-24T21:05:09+00:00\" \/>\n<meta name=\"twitter:card\" content=\"summary_large_image\" \/>\n<meta name=\"twitter:label1\" content=\"Est. reading time\" \/>\n\t<meta name=\"twitter:data1\" content=\"2 minutos\" \/>\n<script type=\"application\/ld+json\" class=\"yoast-schema-graph\">{\"@context\":\"https:\/\/schema.org\",\"@graph\":[{\"@type\":\"WebPage\",\"@id\":\"https:\/\/lucrodin.com\/about-us\/\",\"url\":\"https:\/\/lucrodin.com\/about-us\/\",\"name\":\"About Us - Lucrodin\",\"isPartOf\":{\"@id\":\"https:\/\/lucrodin.com\/#website\"},\"datePublished\":\"2025-01-24T21:05:07+00:00\",\"dateModified\":\"2025-01-24T21:05:09+00:00\",\"breadcrumb\":{\"@id\":\"https:\/\/lucrodin.com\/about-us\/#breadcrumb\"},\"inLanguage\":\"pt-BR\",\"potentialAction\":[{\"@type\":\"ReadAction\",\"target\":[\"https:\/\/lucrodin.com\/about-us\/\"]}]},{\"@type\":\"BreadcrumbList\",\"@id\":\"https:\/\/lucrodin.com\/about-us\/#breadcrumb\",\"itemListElement\":[{\"@type\":\"ListItem\",\"position\":1,\"name\":\"Home\",\"item\":\"https:\/\/lucrodin.com\/\"},{\"@type\":\"ListItem\",\"position\":2,\"name\":\"About Us\"}]},{\"@type\":\"WebSite\",\"@id\":\"https:\/\/lucrodin.com\/#website\",\"url\":\"https:\/\/lucrodin.com\/\",\"name\":\"Lucrodin\",\"description\":\"\",\"potentialAction\":[{\"@type\":\"SearchAction\",\"target\":{\"@type\":\"EntryPoint\",\"urlTemplate\":\"https:\/\/lucrodin.com\/?s={search_term_string}\"},\"query-input\":\"required name=search_term_string\"}],\"inLanguage\":\"pt-BR\"}]}<\/script>\n<!-- \/ Yoast SEO plugin. -->","yoast_head_json":{"title":"About Us - Lucrodin","robots":{"index":"index","follow":"follow","max-snippet":"max-snippet:-1","max-image-preview":"max-image-preview:large","max-video-preview":"max-video-preview:-1"},"canonical":"https:\/\/lucrodin.com\/pt\/about-us\/","og_locale":"pt_BR","og_type":"article","og_title":"About Us - Lucrodin","og_description":"Welcome to Lucrodin, your trusted guide in the world of finance and job opportunities. Our mission is to provide clear and up-to-date information on job openings, credit cards, loans, and strategies to improve both your financial and professional well-being. We aim to empower you with knowledge and confidence as you navigate these important areas. Who&hellip; Continue reading About Us","og_url":"https:\/\/lucrodin.com\/pt\/about-us\/","og_site_name":"Lucrodin","article_modified_time":"2025-01-24T21:05:09+00:00","twitter_card":"summary_large_image","twitter_misc":{"Est. reading time":"2 minutos"},"schema":{"@context":"https:\/\/schema.org","@graph":[{"@type":"WebPage","@id":"https:\/\/lucrodin.com\/about-us\/","url":"https:\/\/lucrodin.com\/about-us\/","name":"About Us - Lucrodin","isPartOf":{"@id":"https:\/\/lucrodin.com\/#website"},"datePublished":"2025-01-24T21:05:07+00:00","dateModified":"2025-01-24T21:05:09+00:00","breadcrumb":{"@id":"https:\/\/lucrodin.com\/about-us\/#breadcrumb"},"inLanguage":"pt-BR","potentialAction":[{"@type":"ReadAction","target":["https:\/\/lucrodin.com\/about-us\/"]}]},{"@type":"BreadcrumbList","@id":"https:\/\/lucrodin.com\/about-us\/#breadcrumb","itemListElement":[{"@type":"ListItem","position":1,"name":"Home","item":"https:\/\/lucrodin.com\/"},{"@type":"ListItem","position":2,"name":"About Us"}]},{"@type":"WebSite","@id":"https:\/\/lucrodin.com\/#website","url":"https:\/\/lucrodin.com\/","name":"Lucrodin","description":"","potentialAction":[{"@type":"SearchAction","target":{"@type":"EntryPoint","urlTemplate":"https:\/\/lucrodin.com\/?s={search_term_string}"},"query-input":"required name=search_term_string"}],"inLanguage":"pt-BR"}]}},"_links":{"self":[{"href":"https:\/\/lucrodin.com\/pt\/wp-json\/wp\/v2\/pages\/6775"}],"collection":[{"href":"https:\/\/lucrodin.com\/pt\/wp-json\/wp\/v2\/pages"}],"about":[{"href":"https:\/\/lucrodin.com\/pt\/wp-json\/wp\/v2\/types\/page"}],"author":[{"embeddable":true,"href":"https:\/\/lucrodin.com\/pt\/wp-json\/wp\/v2\/users\/133"}],"replies":[{"embeddable":true,"href":"https:\/\/lucrodin.com\/pt\/wp-json\/wp\/v2\/comments?post=6775"}],"version-history":[{"count":1,"href":"https:\/\/lucrodin.com\/pt\/wp-json\/wp\/v2\/pages\/6775\/revisions"}],"predecessor-version":[{"id":6776,"href":"https:\/\/lucrodin.com\/pt\/wp-json\/wp\/v2\/pages\/6775\/revisions\/6776"}],"wp:attachment":[{"href":"https:\/\/lucrodin.com\/pt\/wp-json\/wp\/v2\/media?parent=6775"}],"curies":[{"name":"wp","href":"https:\/\/api.w.org\/{rel}","templated":true}]}}